{"id":54324,"date":"2000-03-05T20:13:52","date_gmt":"2000-03-05T18:13:52","guid":{"rendered":"https:\/\/verd.cat\/quienes-somos\/"},"modified":"2025-04-07T22:21:15","modified_gmt":"2025-04-07T20:21:15","slug":"quienes-somos","status":"publish","type":"page","link":"https:\/\/verd.cat\/es\/quienes-somos\/","title":{"rendered":"\u00bfQUI\u00c9NES SOMOS?"},"content":{"rendered":"\t\t<div data-elementor-type=\"wp-post\" data-elementor-id=\"54324\" class=\"elementor elementor-54324 elementor-5567\" data-elementor-post-type=\"page\">\n\t\t\t\t\t\t<section class=\"elementor-section elementor-top-section elementor-element elementor-element-fccebff elementor-section-content-middle elementor-section-boxed elementor-section-height-default elementor-section-height-default default-style\" data-id=\"fccebff\" data-element_type=\"section\" data-e-type=\"section\" data-settings=\"{&quot;rt_color_sets&quot;:&quot;default-style&quot;}\">\n\t\t\t\t\t\t<div class=\"elementor-container elementor-column-gap-default\">\n\t\t\t\t\t<div class=\"elementor-column elementor-col-50 elementor-top-column elementor-element elementor-element-1216bd1f\" data-id=\"1216bd1f\" data-element_type=\"column\" data-e-type=\"column\">\n\t\t\t<div class=\"elementor-widget-wrap elementor-element-populated\">\n\t\t\t\t\t\t<div class=\"elementor-element elementor-element-228d7ad4 elementor-widget__width-initial elementor-widget elementor-widget-rt-heading\" data-id=\"228d7ad4\" data-element_type=\"widget\" data-e-type=\"widget\" data-widget_type=\"rt-heading.default\">\n\t\t\t\t<div class=\"elementor-widget-container\">\n\t\t\t\t\t<div class=\"rt-heading-wrapper text-center\">\n\t\t\t\t\t\t<H2 class=\"   rt-heading custom-color\" >De d\u00f3nde venimos y...<br>\n\u00a1A d\u00f3nde queremos ir!  <\/H2>\n\t\t\t\t\t<\/div>\t\t\t\t<\/div>\n\t\t\t\t<\/div>\n\t\t\t\t<div class=\"elementor-element elementor-element-7e4bb0d4 elementor-widget elementor-widget-text-editor\" data-id=\"7e4bb0d4\" data-element_type=\"widget\" data-e-type=\"widget\" data-widget_type=\"text-editor.default\">\n\t\t\t\t\t\t\t\t\t<p>Verd.cat somos Ricard y Edith, una pareja que desde 2019 no ha parado de trabajar para dar forma a un proyecto que para nosotros es mucho m\u00e1s que profesional. Es un proyecto de <strong>VIDA.<\/strong> La idea surgi\u00f3 en el 2018, un a\u00f1o que marc\u00f3 un punto de inflexi\u00f3n para ambos. Aunque cada uno lo vivi\u00f3 a su manera, los dos llegamos a la misma conclusi\u00f3n: quer\u00edamos <strong>vivir de otra manera<\/strong> y est\u00e1bamos dispuestos a conseguirlo.<\/p><p>Cambiamos la vida en la ciudad, marcada por la rapidez y por la desconexi\u00f3n, por la vida de <strong>pueblo.<\/strong> Ten\u00edamos ganas de arraigarnos en el territorio y decidimos hacerlo de la forma m\u00e1s ancestral: <strong>trabajando la tierra.<\/strong><\/p><p><strong>Ricard<\/strong> hizo un cambio radical y decidi\u00f3 dejar atr\u00e1s su trabajo de toda la vida en el mundo audiovisual para dedicarse a la agricultura. <strong>Edith,<\/strong> que es odont\u00f3loga, empez\u00f3 a trabajar en su disciplina con una visi\u00f3n integrativa porque le encanta todo lo que tiene que ver con los procesos bioqu\u00edmicos y la salud. Sin tener experiencia y sin escuchar los consejos demasiado prudentes de las personas que nos rodeaban, apostamos por el \u00fanico modelo de agricultura que nos encajaba: <a href=\"https:\/\/verd.cat\/es\/agricultura-regenerativa\/\">A<\/a> <a href=\"https:\/\/verd.cat\/es\/agricultura-regenerativa\/\">GRIC<\/a> <a href=\"https:\/\/verd.cat\/es\/agricultura-regenerativa\/\">ULTURA REGENERATIVA<\/a> .<\/p><p>Actualmente, tenemos una <strong>finca<\/strong> de dos hect\u00e1reas en la que cultivamos <strong>aguacates de proximidad de las variedades Hass, Lamb Hass y Bacon<\/strong> . Est\u00e1 ubicada en la zona de Alcanar, un municipio de la comarca del Montsi\u00e0, en <em>les Terres de l&#8217;Ebre<\/em>. Son dos hect\u00e1reas que cultivamos priorizando siempre la necesidad de un consumo <strong>responsable, cercano y sin t\u00f3xicos<\/strong> que garantice el bienestar de las generaciones actuales y tambi\u00e9n de las futuras.<\/p>\t\t\t\t\t\t\t\t<\/div>\n\t\t\t\t\t<\/div>\n\t\t<\/div>\n\t\t\t\t<div class=\"elementor-column elementor-col-50 elementor-top-column elementor-element elementor-element-4ce3eeb8\" data-id=\"4ce3eeb8\" data-element_type=\"column\" data-e-type=\"column\">\n\t\t\t<div class=\"elementor-widget-wrap elementor-element-populated\">\n\t\t\t\t\t\t<div class=\"elementor-element elementor-element-2c64055a elementor-widget__width-inherit elementor-widget elementor-widget-image\" data-id=\"2c64055a\" data-element_type=\"widget\" data-e-type=\"widget\" data-widget_type=\"image.default\">\n\t\t\t\t\t\t\t\t\t\t\t\t\t\t\t<img fetchpriority=\"high\" decoding=\"async\" width=\"365\" height=\"565\" src=\"https:\/\/verd.cat\/wp-content\/uploads\/2025\/02\/qui-som.jpg\" class=\"attachment-large size-large wp-image-21817\" alt=\"\" srcset=\"https:\/\/verd.cat\/wp-content\/uploads\/2025\/02\/qui-som.jpg 365w, https:\/\/verd.cat\/wp-content\/uploads\/2025\/02\/qui-som-194x300.jpg 194w, https:\/\/verd.cat\/wp-content\/uploads\/2025\/02\/qui-som-182x282.jpg 182w, https:\/\/verd.cat\/wp-content\/uploads\/2025\/02\/qui-som-290x449.jpg 290w\" sizes=\"(max-width: 365px) 100vw, 365px\" \/>\t\t\t\t\t\t\t\t\t\t\t\t\t\t\t<\/div>\n\t\t\t\t\t<\/div>\n\t\t<\/div>\n\t\t\t\t\t<\/div>\n\t\t<\/section>\n\t\t\t\t<section class=\"elementor-section elementor-top-section elementor-element elementor-element-3e16adc elementor-section-content-middle elementor-section-boxed elementor-section-height-default elementor-section-height-default default-style\" data-id=\"3e16adc\" data-element_type=\"section\" data-e-type=\"section\" data-settings=\"{&quot;rt_color_sets&quot;:&quot;default-style&quot;}\">\n\t\t\t\t\t\t<div class=\"elementor-container elementor-column-gap-default\">\n\t\t\t\t\t<div class=\"elementor-column elementor-col-100 elementor-top-column elementor-element elementor-element-10b6f43b\" data-id=\"10b6f43b\" data-element_type=\"column\" data-e-type=\"column\">\n\t\t\t<div class=\"elementor-widget-wrap elementor-element-populated\">\n\t\t\t\t\t\t<div class=\"elementor-element elementor-element-78e7e91e elementor-widget elementor-widget-heading\" data-id=\"78e7e91e\" data-element_type=\"widget\" data-e-type=\"widget\" data-widget_type=\"heading.default\">\n\t\t\t\t\t<h3 class=\"elementor-heading-title elementor-size-default\">NUESTRA MISI\u00d3N<\/h3>\t\t\t\t<\/div>\n\t\t\t\t<div class=\"elementor-element elementor-element-2c75a24f elementor-widget elementor-widget-text-editor\" data-id=\"2c75a24f\" data-element_type=\"widget\" data-e-type=\"widget\" data-widget_type=\"text-editor.default\">\n\t\t\t\t\t\t\t\t\t<p>Nuestro objetivo es cultivar frutos de la <strong>m\u00e1xima calidad<\/strong> y sobre todo hacerlo <strong>respetando<\/strong> los ciclos de la naturaleza y su ecosistema. Estamos comprometidos con el medio ambiente, con la <strong>optimizaci\u00f3n de los recursos h\u00eddricos<\/strong> y con la promoci\u00f3n de una agricultura responsable que ayude a combatir la crisis clim\u00e1tica.<\/p><p>Hemos empezado desde cero y con pocos recursos, pero a pesar de ello nunca hemos renunciado a nuestros valores de <strong>la alimentaci\u00f3n de calidad y sostenibilidad medioambiental<\/strong>.<\/p>\t\t\t\t\t\t\t\t<\/div>\n\t\t\t\t\t<\/div>\n\t\t<\/div>\n\t\t\t\t\t<\/div>\n\t\t<\/section>\n\t\t\t\t<section class=\"elementor-section elementor-top-section elementor-element elementor-element-1fae6f8 elementor-section-content-middle elementor-section-boxed elementor-section-height-default elementor-section-height-default default-style\" data-id=\"1fae6f8\" data-element_type=\"section\" data-e-type=\"section\" data-settings=\"{&quot;rt_color_sets&quot;:&quot;default-style&quot;}\">\n\t\t\t\t\t\t<div class=\"elementor-container elementor-column-gap-default\">\n\t\t\t\t\t<div class=\"elementor-column elementor-col-100 elementor-top-column elementor-element elementor-element-3c87487\" data-id=\"3c87487\" data-element_type=\"column\" data-e-type=\"column\">\n\t\t\t<div class=\"elementor-widget-wrap elementor-element-populated\">\n\t\t\t\t<div class=\"elementor-element elementor-element-14f33ec e-flex e-con-boxed default-style e-con e-parent\" data-id=\"14f33ec\" data-element_type=\"container\" data-e-type=\"container\" data-settings=\"{&quot;rt_color_sets&quot;:&quot;default-style&quot;}\">\n\t\t\t\t\t<div class=\"e-con-inner\">\n\t\t\t\t<div class=\"elementor-element elementor-element-f2560b4 elementor-widget elementor-widget-heading\" data-id=\"f2560b4\" data-element_type=\"widget\" data-e-type=\"widget\" data-widget_type=\"heading.default\">\n\t\t\t\t\t<h3 class=\"elementor-heading-title elementor-size-default\">\u00bfQuieres formar parte del cambio que estamos impulsando? <br>\n\u00a1Estaremos encantados de hacerlo juntos!<\/h3>\t\t\t\t<\/div>\n\t\t\t\t\t<\/div>\n\t\t\t\t<\/div>\n\t\t\t\t\t<\/div>\n\t\t<\/div>\n\t\t\t\t\t<\/div>\n\t\t<\/section>\n\t\t\t\t<section class=\"elementor-section elementor-top-section elementor-element elementor-element-ef92575 elementor-section-boxed elementor-section-height-default elementor-section-height-default default-style\" data-id=\"ef92575\" data-element_type=\"section\" data-e-type=\"section\" data-settings=\"{&quot;rt_color_sets&quot;:&quot;default-style&quot;}\">\n\t\t\t\t\t\t<div class=\"elementor-container elementor-column-gap-default\">\n\t\t\t\t\t<div class=\"elementor-column elementor-col-33 elementor-top-column elementor-element elementor-element-e99ecb5 elementor-invisible\" data-id=\"e99ecb5\" data-element_type=\"column\" data-e-type=\"column\" data-settings=\"{&quot;background_background&quot;:&quot;classic&quot;,&quot;animation&quot;:&quot;fadeIn&quot;}\">\n\t\t\t<div class=\"elementor-widget-wrap elementor-element-populated\">\n\t\t\t\t\t\t<div class=\"elementor-element elementor-element-ca56b4e elementor-widget__width-auto elementor-widget elementor-widget-rt-heading\" data-id=\"ca56b4e\" data-element_type=\"widget\" data-e-type=\"widget\" data-widget_type=\"rt-heading.default\">\n\t\t\t\t<div class=\"elementor-widget-container\">\n\t\t\t\t\t<div class=\"rt-heading-wrapper text-center\">\n\t\t\t\t\t\t<h4 class=\"   rt-heading custom-color\" ><\/h4>\n\t\t\t\t\t<\/div>\t\t\t\t<\/div>\n\t\t\t\t<\/div>\n\t\t\t\t<div class=\"elementor-element elementor-element-a2d27f0 elementor-widget elementor-widget-image\" data-id=\"a2d27f0\" data-element_type=\"widget\" data-e-type=\"widget\" data-widget_type=\"image.default\">\n\t\t\t\t\t\t\t\t\t\t\t\t\t\t\t<img decoding=\"async\" width=\"683\" height=\"1024\" src=\"https:\/\/verd.cat\/wp-content\/uploads\/2025\/03\/DSC2705-683x1024.jpg\" class=\"attachment-large size-large wp-image-21897\" alt=\"\" srcset=\"https:\/\/verd.cat\/wp-content\/uploads\/2025\/03\/DSC2705-683x1024.jpg 683w, https:\/\/verd.cat\/wp-content\/uploads\/2025\/03\/DSC2705-200x300.jpg 200w, https:\/\/verd.cat\/wp-content\/uploads\/2025\/03\/DSC2705-768x1152.jpg 768w, https:\/\/verd.cat\/wp-content\/uploads\/2025\/03\/DSC2705-1024x1536.jpg 1024w, https:\/\/verd.cat\/wp-content\/uploads\/2025\/03\/DSC2705-682x1024.jpg 682w, https:\/\/verd.cat\/wp-content\/uploads\/2025\/03\/DSC2705-1220x1830.jpg 1220w, https:\/\/verd.cat\/wp-content\/uploads\/2025\/03\/DSC2705-915x1373.jpg 915w, https:\/\/verd.cat\/wp-content\/uploads\/2025\/03\/DSC2705-600x900.jpg 600w, https:\/\/verd.cat\/wp-content\/uploads\/2025\/03\/DSC2705-393x590.jpg 393w, https:\/\/verd.cat\/wp-content\/uploads\/2025\/03\/DSC2705-290x435.jpg 290w, https:\/\/verd.cat\/wp-content\/uploads\/2025\/03\/DSC2705.jpg 1365w\" sizes=\"(max-width: 683px) 100vw, 683px\" \/>\t\t\t\t\t\t\t\t\t\t\t\t\t\t\t<\/div>\n\t\t\t\t<div class=\"elementor-element elementor-element-b1400fb elementor-widget elementor-widget-rt-heading\" data-id=\"b1400fb\" data-element_type=\"widget\" data-e-type=\"widget\" data-widget_type=\"rt-heading.default\">\n\t\t\t\t<div class=\"elementor-widget-container\">\n\t\t\t\t\t<div class=\"rt-heading-wrapper style-4 text-center\">\n\t\t\t\t\t\t<H6 class=\"   rt-heading style-4 custom-color\" >RICARD<svg width=\"95\" height=\"10\" viewBox=\"0 0 95 10\" xmlns=\"http:\/\/www.w3.org\/2000\/svg\"><path d=\"M1 8l11.54-6 11.538 6 11.54-6 11.538 6 11.538-6 11.54 6L81.77 2 94 8\" stroke-width=\"3\" stroke=\"#6CC139\" fill=\"none\" fill-rule=\"evenodd\"\/><\/svg><\/H6>\n\t\t\t\t\t<\/div>\t\t\t\t<\/div>\n\t\t\t\t<\/div>\n\t\t\t\t<div class=\"elementor-element elementor-element-73f58cc elementor-widget elementor-widget-text-editor\" data-id=\"73f58cc\" data-element_type=\"widget\" data-e-type=\"widget\" data-widget_type=\"text-editor.default\">\n\t\t\t\t\t\t\t\t\t<p>39 a\u00f1os (Matar\u00f3): \u00abQuemado de la vida en la ciudad y habiendo trabajado por medio mundo en el sector audiovisual, en 2019 decid\u00ed dar un giro y apostar por otro tipo de vida, m\u00e1s pausada y conectada con la naturaleza\u00bb.<\/p>\t\t\t\t\t\t\t\t<\/div>\n\t\t\t\t\t<\/div>\n\t\t<\/div>\n\t\t\t\t<div class=\"elementor-column elementor-col-33 elementor-top-column elementor-element elementor-element-6e93db5 elementor-invisible\" data-id=\"6e93db5\" data-element_type=\"column\" data-e-type=\"column\" data-settings=\"{&quot;background_background&quot;:&quot;classic&quot;,&quot;animation&quot;:&quot;fadeIn&quot;,&quot;animation_delay&quot;:&quot;200&quot;}\">\n\t\t\t<div class=\"elementor-widget-wrap elementor-element-populated\">\n\t\t\t\t\t\t<div class=\"elementor-element elementor-element-4d15e2a elementor-widget elementor-widget-image\" data-id=\"4d15e2a\" data-element_type=\"widget\" data-e-type=\"widget\" data-widget_type=\"image.default\">\n\t\t\t\t\t\t\t\t\t\t\t\t\t\t\t<img decoding=\"async\" width=\"1365\" height=\"2048\" src=\"https:\/\/verd.cat\/wp-content\/uploads\/2025\/03\/DSC2745.jpg\" class=\"attachment-full size-full wp-image-21893\" alt=\"\" srcset=\"https:\/\/verd.cat\/wp-content\/uploads\/2025\/03\/DSC2745.jpg 1365w, https:\/\/verd.cat\/wp-content\/uploads\/2025\/03\/DSC2745-200x300.jpg 200w, https:\/\/verd.cat\/wp-content\/uploads\/2025\/03\/DSC2745-683x1024.jpg 683w, https:\/\/verd.cat\/wp-content\/uploads\/2025\/03\/DSC2745-768x1152.jpg 768w, https:\/\/verd.cat\/wp-content\/uploads\/2025\/03\/DSC2745-1024x1536.jpg 1024w, https:\/\/verd.cat\/wp-content\/uploads\/2025\/03\/DSC2745-682x1024.jpg 682w, https:\/\/verd.cat\/wp-content\/uploads\/2025\/03\/DSC2745-1220x1830.jpg 1220w, https:\/\/verd.cat\/wp-content\/uploads\/2025\/03\/DSC2745-915x1373.jpg 915w, https:\/\/verd.cat\/wp-content\/uploads\/2025\/03\/DSC2745-600x900.jpg 600w, https:\/\/verd.cat\/wp-content\/uploads\/2025\/03\/DSC2745-393x590.jpg 393w, https:\/\/verd.cat\/wp-content\/uploads\/2025\/03\/DSC2745-290x435.jpg 290w\" sizes=\"(max-width: 1365px) 100vw, 1365px\" \/>\t\t\t\t\t\t\t\t\t\t\t\t\t\t\t<\/div>\n\t\t\t\t<div class=\"elementor-element elementor-element-7c4d1cb elementor-widget elementor-widget-rt-heading\" data-id=\"7c4d1cb\" data-element_type=\"widget\" data-e-type=\"widget\" data-widget_type=\"rt-heading.default\">\n\t\t\t\t<div class=\"elementor-widget-container\">\n\t\t\t\t\t<div class=\"rt-heading-wrapper style-4 text-center\">\n\t\t\t\t\t\t<H6 class=\"   rt-heading style-4 custom-color\" >EDITH<svg width=\"95\" height=\"10\" viewBox=\"0 0 95 10\" xmlns=\"http:\/\/www.w3.org\/2000\/svg\"><path d=\"M1 8l11.54-6 11.538 6 11.54-6 11.538 6 11.538-6 11.54 6L81.77 2 94 8\" stroke-width=\"3\" stroke=\"#6CC139\" fill=\"none\" fill-rule=\"evenodd\"\/><\/svg><\/H6>\n\t\t\t\t\t<\/div>\t\t\t\t<\/div>\n\t\t\t\t<\/div>\n\t\t\t\t<div class=\"elementor-element elementor-element-ad48a13 elementor-widget elementor-widget-text-editor\" data-id=\"ad48a13\" data-element_type=\"widget\" data-e-type=\"widget\" data-widget_type=\"text-editor.default\">\n\t\t\t\t\t\t\t\t\t<p>38 a\u00f1os (Ulldecona): \u00abRecolectora por naturaleza, inquieta de mente y apasionada de la salud integrativa, siempre hab\u00eda so\u00f1ado tener mi trocito con \u00e1rboles. \u00a1Dir\u00eda que al final me he pasado!\u00bb.<\/p>\t\t\t\t\t\t\t\t<\/div>\n\t\t\t\t\t<\/div>\n\t\t<\/div>\n\t\t\t\t<div class=\"elementor-column elementor-col-33 elementor-top-column elementor-element elementor-element-15e5398 elementor-invisible\" data-id=\"15e5398\" data-element_type=\"column\" data-e-type=\"column\" data-settings=\"{&quot;background_background&quot;:&quot;classic&quot;,&quot;animation&quot;:&quot;fadeIn&quot;,&quot;animation_delay&quot;:&quot;400&quot;}\">\n\t\t\t<div class=\"elementor-widget-wrap elementor-element-populated\">\n\t\t\t\t\t\t<div class=\"elementor-element elementor-element-87bef07 elementor-widget elementor-widget-image\" data-id=\"87bef07\" data-element_type=\"widget\" data-e-type=\"widget\" data-widget_type=\"image.default\">\n\t\t\t\t\t\t\t\t\t\t\t\t\t\t\t<img loading=\"lazy\" decoding=\"async\" width=\"683\" height=\"1024\" src=\"https:\/\/verd.cat\/wp-content\/uploads\/2025\/03\/DSC2648-683x1024.jpg\" class=\"attachment-large size-large wp-image-21895\" alt=\"\" srcset=\"https:\/\/verd.cat\/wp-content\/uploads\/2025\/03\/DSC2648-683x1024.jpg 683w, https:\/\/verd.cat\/wp-content\/uploads\/2025\/03\/DSC2648-200x300.jpg 200w, https:\/\/verd.cat\/wp-content\/uploads\/2025\/03\/DSC2648-768x1152.jpg 768w, https:\/\/verd.cat\/wp-content\/uploads\/2025\/03\/DSC2648-1024x1536.jpg 1024w, https:\/\/verd.cat\/wp-content\/uploads\/2025\/03\/DSC2648-682x1024.jpg 682w, https:\/\/verd.cat\/wp-content\/uploads\/2025\/03\/DSC2648-1220x1830.jpg 1220w, https:\/\/verd.cat\/wp-content\/uploads\/2025\/03\/DSC2648-915x1373.jpg 915w, https:\/\/verd.cat\/wp-content\/uploads\/2025\/03\/DSC2648-600x900.jpg 600w, https:\/\/verd.cat\/wp-content\/uploads\/2025\/03\/DSC2648-393x590.jpg 393w, https:\/\/verd.cat\/wp-content\/uploads\/2025\/03\/DSC2648-290x435.jpg 290w, https:\/\/verd.cat\/wp-content\/uploads\/2025\/03\/DSC2648.jpg 1365w\" sizes=\"(max-width: 683px) 100vw, 683px\" \/>\t\t\t\t\t\t\t\t\t\t\t\t\t\t\t<\/div>\n\t\t\t\t<div class=\"elementor-element elementor-element-8c9a383 elementor-widget elementor-widget-rt-heading\" data-id=\"8c9a383\" data-element_type=\"widget\" data-e-type=\"widget\" data-widget_type=\"rt-heading.default\">\n\t\t\t\t<div class=\"elementor-widget-container\">\n\t\t\t\t\t<div class=\"rt-heading-wrapper style-4 text-center\">\n\t\t\t\t\t\t<H6 class=\"   rt-heading style-4 custom-color\" >BRU<svg width=\"95\" height=\"10\" viewBox=\"0 0 95 10\" xmlns=\"http:\/\/www.w3.org\/2000\/svg\"><path d=\"M1 8l11.54-6 11.538 6 11.54-6 11.538 6 11.538-6 11.54 6L81.77 2 94 8\" stroke-width=\"3\" stroke=\"#6CC139\" fill=\"none\" fill-rule=\"evenodd\"\/><\/svg><\/H6>\n\t\t\t\t\t<\/div>\t\t\t\t<\/div>\n\t\t\t\t<\/div>\n\t\t\t\t<div class=\"elementor-element elementor-element-00283a1 elementor-widget elementor-widget-text-editor\" data-id=\"00283a1\" data-element_type=\"widget\" data-e-type=\"widget\" data-widget_type=\"text-editor.default\">\n\t\t\t\t\t\t\t\t\t<p>\u00ab\u00a1El rey de la finca y la alegr\u00eda de la huerta!\u00bb.<\/p>\t\t\t\t\t\t\t\t<\/div>\n\t\t\t\t\t<\/div>\n\t\t<\/div>\n\t\t\t\t\t<\/div>\n\t\t<\/section>\n\t\t\t\t<section class=\"elementor-section elementor-top-section elementor-element elementor-element-c4cf5b1 elementor-section-content-middle elementor-section-boxed elementor-section-height-default elementor-section-height-default default-style\" data-id=\"c4cf5b1\" data-element_type=\"section\" data-e-type=\"section\" data-settings=\"{&quot;rt_color_sets&quot;:&quot;default-style&quot;}\">\n\t\t\t\t\t\t<div class=\"elementor-container elementor-column-gap-default\">\n\t\t\t\t\t<div class=\"elementor-column elementor-col-100 elementor-top-column elementor-element elementor-element-82b4044\" data-id=\"82b4044\" data-element_type=\"column\" data-e-type=\"column\">\n\t\t\t<div class=\"elementor-widget-wrap elementor-element-populated\">\n\t\t\t\t<div class=\"elementor-element elementor-element-323cdde e-flex e-con-boxed default-style e-con e-parent\" data-id=\"323cdde\" data-element_type=\"container\" data-e-type=\"container\" data-settings=\"{&quot;rt_color_sets&quot;:&quot;default-style&quot;}\">\n\t\t\t\t\t<div class=\"e-con-inner\">\n\t\t\t\t<div class=\"elementor-element elementor-element-28ba385 elementor-cta--layout-image-above elementor-cta--skin-classic elementor-animated-content elementor-bg-transform elementor-bg-transform-zoom-in elementor-widget elementor-widget-call-to-action\" data-id=\"28ba385\" data-element_type=\"widget\" data-e-type=\"widget\" data-widget_type=\"call-to-action.default\">\n\t\t\t\t\t\t\t<a class=\"elementor-cta\" href=\"https:\/\/verd.cat\/es\/tienda-2\/\">\n\t\t\t\t\t<div class=\"elementor-cta__bg-wrapper\">\n\t\t\t\t<div class=\"elementor-cta__bg elementor-bg\" style=\"background-image: url(https:\/\/verd.cat\/wp-content\/uploads\/2025\/03\/verd-cat-alvocats-3.jpg);\" role=\"img\" aria-label=\"verd-cat-alvocats-3\"><\/div>\n\t\t\t\t<div class=\"elementor-cta__bg-overlay\"><\/div>\n\t\t\t<\/div>\n\t\t\t\t\t\t\t<div class=\"elementor-cta__content\">\n\t\t\t\t\n\t\t\t\t\t\t\t\t\t<h2 class=\"elementor-cta__title elementor-cta__content-item elementor-content-item\">\n\t\t\t\t\t\t\u00a1S\u00famate al cultivo de proximidad y disfruta del sabor aut\u00e9ntico de Verd.cat!\t\t\t\t\t<\/h2>\n\t\t\t\t\n\t\t\t\t\n\t\t\t\t\t\t\t\t\t<div class=\"elementor-cta__button-wrapper elementor-cta__content-item elementor-content-item \">\n\t\t\t\t\t<span class=\"elementor-cta__button elementor-button elementor-size-\">\n\t\t\t\t\t\tTienda\t\t\t\t\t<\/span>\n\t\t\t\t\t<\/div>\n\t\t\t\t\t\t\t<\/div>\n\t\t\t\t\t\t<\/a>\n\t\t\t\t\t\t<\/div>\n\t\t\t\t\t<\/div>\n\t\t\t\t<\/div>\n\t\t\t\t\t<\/div>\n\t\t<\/div>\n\t\t\t\t\t<\/div>\n\t\t<\/section>\n\t\t\t\t<\/div>\n\t\t","protected":false},"excerpt":{"rendered":"<p>De d\u00f3nde venimos y&#8230; \u00a1A d\u00f3nde queremos ir! Verd.cat somos Ricard y Edith, una pareja que desde 2019 no ha parado de trabajar para dar forma a un proyecto que para nosotros es mucho m\u00e1s que profesional. Es un proyecto de VIDA. La idea surgi\u00f3 en el 2018, un a\u00f1o que marc\u00f3 un punto de [&hellip;]<\/p>\n","protected":false},"author":1,"featured_media":0,"parent":0,"menu_order":0,"comment_status":"closed","ping_status":"closed","template":"","meta":{"footnotes":""},"class_list":["post-54324","page","type-page","status-publish","hentry"],"_links":{"self":[{"href":"https:\/\/verd.cat\/es\/wp-json\/wp\/v2\/pages\/54324","targetHints":{"allow":["GET"]}}],"collection":[{"href":"https:\/\/verd.cat\/es\/wp-json\/wp\/v2\/pages"}],"about":[{"href":"https:\/\/verd.cat\/es\/wp-json\/wp\/v2\/types\/page"}],"author":[{"embeddable":true,"href":"https:\/\/verd.cat\/es\/wp-json\/wp\/v2\/users\/1"}],"replies":[{"embeddable":true,"href":"https:\/\/verd.cat\/es\/wp-json\/wp\/v2\/comments?post=54324"}],"version-history":[{"count":13,"href":"https:\/\/verd.cat\/es\/wp-json\/wp\/v2\/pages\/54324\/revisions"}],"predecessor-version":[{"id":54448,"href":"https:\/\/verd.cat\/es\/wp-json\/wp\/v2\/pages\/54324\/revisions\/54448"}],"wp:attachment":[{"href":"https:\/\/verd.cat\/es\/wp-json\/wp\/v2\/media?parent=54324"}],"curies":[{"name":"wp","href":"https:\/\/api.w.org\/{rel}","templated":true}]}}