{"id":54333,"date":"2018-03-08T22:27:14","date_gmt":"2018-03-08T20:27:14","guid":{"rendered":"https:\/\/verd.cat\/404-pagina-no-encontrada\/"},"modified":"2025-04-07T09:16:50","modified_gmt":"2025-04-07T07:16:50","slug":"404-pagina-no-encontrada","status":"publish","type":"page","link":"https:\/\/verd.cat\/es\/404-pagina-no-encontrada\/","title":{"rendered":"404 P\u00e1gina no encontrada"},"content":{"rendered":"\t\t<div data-elementor-type=\"wp-post\" data-elementor-id=\"54333\" class=\"elementor elementor-54333 elementor-5693\" data-elementor-post-type=\"page\">\n\t\t\t\t\t\t<section class=\"elementor-section elementor-top-section elementor-element elementor-element-6a68355b elementor-section-height-min-height elementor-section-boxed elementor-section-height-default elementor-section-items-middle default-style\" data-id=\"6a68355b\" data-element_type=\"section\" data-e-type=\"section\" data-settings=\"{&quot;background_background&quot;:&quot;classic&quot;,&quot;rt_color_sets&quot;:&quot;default-style&quot;}\">\n\t\t\t\t\t\t<div class=\"elementor-container elementor-column-gap-default\">\n\t\t\t\t\t<div class=\"elementor-column elementor-col-100 elementor-top-column elementor-element elementor-element-7f8b8dd9\" data-id=\"7f8b8dd9\" data-element_type=\"column\" data-e-type=\"column\">\n\t\t\t<div class=\"elementor-widget-wrap elementor-element-populated\">\n\t\t\t\t\t\t<div class=\"elementor-element elementor-element-36a47dd0 elementor-widget elementor-widget-rt-heading\" data-id=\"36a47dd0\" data-element_type=\"widget\" data-e-type=\"widget\" data-widget_type=\"rt-heading.default\">\n\t\t\t\t<div class=\"elementor-widget-container\">\n\t\t\t\t\t<div class=\"rt-heading-wrapper text-center\">\n\t\t\t\t\t\t<H1 class=\"   rt-heading\" >Upps!!! P\u00e1gina no encontrada.<\/H1>\n\t\t\t\t\t<\/div>\t\t\t\t<\/div>\n\t\t\t\t<\/div>\n\t\t\t\t<div class=\"elementor-element elementor-element-7c0b40f5 elementor-widget elementor-widget-rt-heading\" data-id=\"7c0b40f5\" data-element_type=\"widget\" data-e-type=\"widget\" data-widget_type=\"rt-heading.default\">\n\t\t\t\t<div class=\"elementor-widget-container\">\n\t\t\t\t\t<div class=\"rt-heading-wrapper text-center\">\n\t\t\t\t\t\t<p class=\"   rt-heading heading-font\" >Parece que lo que est\u00e1s buscando ya no est\u00e1 disponible.<br> Puedes intentar buscar de nuevo o volver al inicio.<\/p>\n\t\t\t\t\t<\/div>\t\t\t\t<\/div>\n\t\t\t\t<\/div>\n\t\t\t\t<div class=\"elementor-element elementor-element-4a55c6d elementor-widget__width-auto elementor-widget elementor-widget-search\" data-id=\"4a55c6d\" data-element_type=\"widget\" data-e-type=\"widget\" data-settings=\"{&quot;submit_trigger&quot;:&quot;key_enter&quot;,&quot;pagination_type_options&quot;:&quot;none&quot;}\" data-widget_type=\"search.default\">\n\t\t\t\t\t\t\t<search class=\"e-search hidden\" role=\"search\">\n\t\t\t<form class=\"e-search-form\" action=\"https:\/\/verd.cat\/es\/\" method=\"get\">\n\n\t\t\t\t\n\t\t\t\t<label class=\"e-search-label\" for=\"search-4a55c6d\">\n\t\t\t\t\t<span class=\"elementor-screen-only\">\n\t\t\t\t\t\tBuscar\t\t\t\t\t<\/span>\n\t\t\t\t\t\t\t\t\t<\/label>\n\n\t\t\t\t<div class=\"e-search-input-wrapper\">\n\t\t\t\t\t<input id=\"search-4a55c6d\" placeholder=\"\u00bfTe ayudamos?...\" class=\"e-search-input\" type=\"search\" name=\"s\" value=\"\" autocomplete=\"on\" role=\"combobox\" aria-autocomplete=\"list\" aria-expanded=\"false\" aria-controls=\"results-4a55c6d\" aria-haspopup=\"listbox\">\n\t\t\t\t\t<i aria-hidden=\"true\" class=\"rt-elementor-icon icon-search\"><\/i>\t\t\t\t\t\t\t\t\t\t<output id=\"results-4a55c6d\" class=\"e-search-results-container hide-loader\" aria-live=\"polite\" aria-atomic=\"true\" aria-label=\"Results for search\" tabindex=\"0\">\n\t\t\t\t\t\t<div class=\"e-search-results\"><\/div>\n\t\t\t\t\t\t\t\t\t\t\t<\/output>\n\t\t\t\t\t\t\t\t\t<\/div>\n\t\t\t\t\n\t\t\t\t\n\t\t\t\t<button class=\"e-search-submit elementor-screen-only \" type=\"submit\" aria-label=\"Buscar\">\n\t\t\t\t\t\n\t\t\t\t\t\t\t\t\t<\/button>\n\t\t\t\t<input type=\"hidden\" name=\"e_search_props\" value=\"4a55c6d-54333\">\n\t\t\t<\/form>\n\t\t<\/search>\n\t\t\t\t\t\t<\/div>\n\t\t\t\t<div class=\"elementor-element elementor-element-17760b88 elementor-align-center elementor-widget elementor-widget-rt-button\" data-id=\"17760b88\" data-element_type=\"widget\" data-e-type=\"widget\" data-widget_type=\"rt-button.default\">\n\t\t\t\t<div class=\"elementor-widget-container\">\n\t\t\t\t\t<div class=\"button_wrapper  rounded\"><a href=\"#\" target=\"_self\" title=\"VOLVER AL INICIO\" class=\"button_  style-1 big\"><span><span class=\"button-icon fa fa-angle-left\"><\/span><span>VOLVER AL INICIO<\/span><\/span><\/a><\/div>\t\t\t\t<\/div>\n\t\t\t\t<\/div>\n\t\t\t\t\t<\/div>\n\t\t<\/div>\n\t\t\t\t\t<\/div>\n\t\t<\/section>\n\t\t\t\t<\/div>\n\t\t","protected":false},"excerpt":{"rendered":"<p>Upps!!! P\u00e1gina no encontrada. Parece que lo que est\u00e1s buscando ya no est\u00e1 disponible. Puedes intentar buscar de nuevo o volver al inicio. Search VOLVER AL INICIO<\/p>\n","protected":false},"author":1,"featured_media":0,"parent":0,"menu_order":0,"comment_status":"closed","ping_status":"closed","template":"","meta":{"footnotes":""},"class_list":["post-54333","page","type-page","status-publish","hentry"],"_links":{"self":[{"href":"https:\/\/verd.cat\/es\/wp-json\/wp\/v2\/pages\/54333","targetHints":{"allow":["GET"]}}],"collection":[{"href":"https:\/\/verd.cat\/es\/wp-json\/wp\/v2\/pages"}],"about":[{"href":"https:\/\/verd.cat\/es\/wp-json\/wp\/v2\/types\/page"}],"author":[{"embeddable":true,"href":"https:\/\/verd.cat\/es\/wp-json\/wp\/v2\/users\/1"}],"replies":[{"embeddable":true,"href":"https:\/\/verd.cat\/es\/wp-json\/wp\/v2\/comments?post=54333"}],"version-history":[{"count":1,"href":"https:\/\/verd.cat\/es\/wp-json\/wp\/v2\/pages\/54333\/revisions"}],"predecessor-version":[{"id":54334,"href":"https:\/\/verd.cat\/es\/wp-json\/wp\/v2\/pages\/54333\/revisions\/54334"}],"wp:attachment":[{"href":"https:\/\/verd.cat\/es\/wp-json\/wp\/v2\/media?parent=54333"}],"curies":[{"name":"wp","href":"https:\/\/api.w.org\/{rel}","templated":true}]}}