{"id":54339,"date":"2025-01-30T08:23:10","date_gmt":"2025-01-30T06:23:10","guid":{"rendered":"https:\/\/verd.cat\/aviso-legal\/"},"modified":"2025-04-07T10:08:07","modified_gmt":"2025-04-07T08:08:07","slug":"aviso-legal","status":"publish","type":"page","link":"https:\/\/verd.cat\/es\/aviso-legal\/","title":{"rendered":"Aviso legal"},"content":{"rendered":"\t\t<div data-elementor-type=\"wp-page\" data-elementor-id=\"54339\" class=\"elementor elementor-54339 elementor-12954\" data-elementor-post-type=\"page\">\n\t\t\t\t\t\t<section class=\"elementor-section elementor-top-section elementor-element elementor-element-2d04f5a4 elementor-section-boxed elementor-section-height-default elementor-section-height-default default-style\" data-id=\"2d04f5a4\" data-element_type=\"section\" data-e-type=\"section\" data-settings=\"{&quot;rt_color_sets&quot;:&quot;default-style&quot;}\">\n\t\t\t\t\t\t<div class=\"elementor-container elementor-column-gap-default\">\n\t\t\t\t\t<div class=\"elementor-column elementor-col-100 elementor-top-column elementor-element elementor-element-ac8a437\" data-id=\"ac8a437\" data-element_type=\"column\" data-e-type=\"column\">\n\t\t\t<div class=\"elementor-widget-wrap elementor-element-populated\">\n\t\t\t\t\t\t<div class=\"elementor-element elementor-element-5112d68c elementor-widget elementor-widget-spacer\" data-id=\"5112d68c\" data-element_type=\"widget\" data-e-type=\"widget\" data-widget_type=\"spacer.default\">\n\t\t\t\t\t\t\t<div class=\"elementor-spacer\">\n\t\t\t<div class=\"elementor-spacer-inner\"><\/div>\n\t\t<\/div>\n\t\t\t\t\t\t<\/div>\n\t\t\t\t<div class=\"elementor-element elementor-element-119128c elementor-widget elementor-widget-toggle\" data-id=\"119128c\" data-element_type=\"widget\" data-e-type=\"widget\" data-widget_type=\"toggle.default\">\n\t\t\t\t\t\t\t<div class=\"elementor-toggle\">\n\t\t\t\t\t\t\t<div class=\"elementor-toggle-item\">\n\t\t\t\t\t<div id=\"elementor-tab-title-1841\" class=\"elementor-tab-title\" data-tab=\"1\" role=\"button\" aria-controls=\"elementor-tab-content-1841\" aria-expanded=\"false\">\n\t\t\t\t\t\t\t\t\t\t\t\t<span class=\"elementor-toggle-icon elementor-toggle-icon-left\" aria-hidden=\"true\">\n\t\t\t\t\t\t\t\t\t\t\t\t\t\t\t<span class=\"elementor-toggle-icon-closed\"><svg class=\"e-font-icon-svg e-fas-plus\" viewBox=\"0 0 448 512\" xmlns=\"http:\/\/www.w3.org\/2000\/svg\"><path d=\"M416 208H272V64c0-17.67-14.33-32-32-32h-32c-17.67 0-32 14.33-32 32v144H32c-17.67 0-32 14.33-32 32v32c0 17.67 14.33 32 32 32h144v144c0 17.67 14.33 32 32 32h32c17.67 0 32-14.33 32-32V304h144c17.67 0 32-14.33 32-32v-32c0-17.67-14.33-32-32-32z\"><\/path><\/svg><\/span>\n\t\t\t\t\t\t\t\t<span class=\"elementor-toggle-icon-opened\"><svg class=\"elementor-toggle-icon-opened e-font-icon-svg e-fas-minus\" viewBox=\"0 0 448 512\" xmlns=\"http:\/\/www.w3.org\/2000\/svg\"><path d=\"M416 208H32c-17.67 0-32 14.33-32 32v32c0 17.67 14.33 32 32 32h384c17.67 0 32-14.33 32-32v-32c0-17.67-14.33-32-32-32z\"><\/path><\/svg><\/span>\n\t\t\t\t\t\t\t\t\t\t\t\t\t<\/span>\n\t\t\t\t\t\t\t\t\t\t\t\t<a class=\"elementor-toggle-title\" tabindex=\"0\">Aviso legal<\/a>\n\t\t\t\t\t<\/div>\n\n\t\t\t\t\t<div id=\"elementor-tab-content-1841\" class=\"elementor-tab-content elementor-clearfix\" data-tab=\"1\" role=\"region\" aria-labelledby=\"elementor-tab-title-1841\"><p>Ricard Rivera Pascual, con CIF\/NIF no: 38856038E y direcci\u00f3n a: Camino de la Selleta S\/N, 43530 Alcanar, (Tarragona), no puede asumir ninguna responsabilidad derivada del uso incorrecto, inapropiado o il\u00edcito aparecida en las p\u00e1ginas web de: www.verd.cat<\/p>\n<p>Que est\u00e1 inscrita en el Registro Mercantil de Tarragona. Con los l\u00edmites establecidos en la ley, Ricard Rivera Pascual, no asume responsabilidad alguna derivada de la falta de veracidad, integridad, actualizaci\u00f3n y precisi\u00f3n de los datos o informaciones que contienen sus p\u00e1ginas web. Los contenidos e informaci\u00f3n no vinculan a Ricard Rivera Pascual. ni constituyen opiniones, consejos o asesoramiento legal de ning\u00fan tipo, puesto que se trata meramente de un servicio ofrecido con car\u00e1cter informativo y divulgativo. Las p\u00e1ginas de Internet de Ricard Rivera Pascual pueden contener enlaces (links) a otras p\u00e1ginas de terceras partes que Ricard Rivera Pascual, no puede controlar. Por tanto, Ricard Rivera Pascual no puede asumir responsabilidades por el contenido que pueda aparecer en p\u00e1ginas de terceros. Los textos, im\u00e1genes, sonidos, animaciones, software y dem\u00e1s contenidos incluidos en este website son propiedad exclusiva de Ricard Rivera Pascual o sus licenciantes. Cualquier acto de transmisi\u00f3n, distribuci\u00f3n, cesi\u00f3n, reproducci\u00f3n, almacenamiento o comunicaci\u00f3n p\u00fablica total o parcial, deber\u00e1 contar con el consentimiento expreso de Ricard Rivera Pascual. Asimismo, para acceder a algunos de los servicios que Ricard Rivera Pascual ofrece a trav\u00e9s del sitio web, deber\u00e1 proporcionar algunos datos de car\u00e1cter personal. En cumplimiento de lo que establece el Reglamento (UE) 2016\/679 del Parlamento Europeo y del Consejo, de 27 de abril de 2016, relativo a la protecci\u00f3n de las personas f\u00edsicas en cuanto al tratamiento de datos personales ya la libre circulaci\u00f3n de estos datos le informamos que, mediante la cumplimentaci\u00f3n de los presentes formularios, sus datos personales ofrecer nuestros servicios as\u00ed como para informarle de las mejoras del sitio web. Os informamos tambi\u00e9n que tendr\u00e1 la posibilidad en todo momento de ejercitar los derechos de acceso, rectificaci\u00f3n, cancelaci\u00f3n, oposici\u00f3n, limitaci\u00f3n y portabilidad de sus datos de car\u00e1cter personal, de forma gratuita mediante email a: hola@verd.cat oa la direcci\u00f3n: Camino de la Selleta S\/N 43530 Alcanar (Tarragona).          <\/p>\n<\/div>\n\t\t\t\t<\/div>\n\t\t\t\t\t\t\t<div class=\"elementor-toggle-item\">\n\t\t\t\t\t<div id=\"elementor-tab-title-1842\" class=\"elementor-tab-title\" data-tab=\"2\" role=\"button\" aria-controls=\"elementor-tab-content-1842\" aria-expanded=\"false\">\n\t\t\t\t\t\t\t\t\t\t\t\t<span class=\"elementor-toggle-icon elementor-toggle-icon-left\" aria-hidden=\"true\">\n\t\t\t\t\t\t\t\t\t\t\t\t\t\t\t<span class=\"elementor-toggle-icon-closed\"><svg class=\"e-font-icon-svg e-fas-plus\" viewBox=\"0 0 448 512\" xmlns=\"http:\/\/www.w3.org\/2000\/svg\"><path d=\"M416 208H272V64c0-17.67-14.33-32-32-32h-32c-17.67 0-32 14.33-32 32v144H32c-17.67 0-32 14.33-32 32v32c0 17.67 14.33 32 32 32h144v144c0 17.67 14.33 32 32 32h32c17.67 0 32-14.33 32-32V304h144c17.67 0 32-14.33 32-32v-32c0-17.67-14.33-32-32-32z\"><\/path><\/svg><\/span>\n\t\t\t\t\t\t\t\t<span class=\"elementor-toggle-icon-opened\"><svg class=\"elementor-toggle-icon-opened e-font-icon-svg e-fas-minus\" viewBox=\"0 0 448 512\" xmlns=\"http:\/\/www.w3.org\/2000\/svg\"><path d=\"M416 208H32c-17.67 0-32 14.33-32 32v32c0 17.67 14.33 32 32 32h384c17.67 0 32-14.33 32-32v-32c0-17.67-14.33-32-32-32z\"><\/path><\/svg><\/span>\n\t\t\t\t\t\t\t\t\t\t\t\t\t<\/span>\n\t\t\t\t\t\t\t\t\t\t\t\t<a class=\"elementor-toggle-title\" tabindex=\"0\">Pol\u00edtica de privacidad<\/a>\n\t\t\t\t\t<\/div>\n\n\t\t\t\t\t<div id=\"elementor-tab-content-1842\" class=\"elementor-tab-content elementor-clearfix\" data-tab=\"2\" role=\"region\" aria-labelledby=\"elementor-tab-title-1842\"><h5>Protecci\u00f3n de datos de car\u00e1cter personal seg\u00fan el RGPD<\/h5>\n<p>Ricard Rivera Pascual, en aplicaci\u00f3n de la normativa vigente en materia de protecci\u00f3n de datos de car\u00e1cter personal, informa que los datos personales que se recogen a trav\u00e9s de los formularios del Sitio Web:<\/p>\n<p>www.verd.cat, se incluyen en los archivos automatizados espec\u00edficos de usuarios de los servicios de Ricard Rivera Pascual.<\/p>\n<p>La recogida y tratamiento automatizado de los datos de car\u00e1cter personal tiene como finalidad el mantenimiento de la relaci\u00f3n comercial y el ejercicio de tareas de informaci\u00f3n, formaci\u00f3n, asesoramiento y otras actividades propias de Ricard Rivera Pascual.<\/p>\n<p>Estos datos s\u00f3lo ser\u00e1n cedidos a aquellas entidades que sean necesarias con el \u00fanico objetivo de dar cumplimiento a la finalidad expuesta anteriormente.<\/p>\n<p>Ricard Rivera Pascual, adopta las medidas necesarias para garantizar la seguridad, integridad y confidencialidad de los datos conforme a lo dispuesto en el Reglamento (UE) 2016\/679 del Parlamento Europeo y del Consejo, de 27 de abril de 2016 y derogando la antigua LOPD, la nueva Ley Org\u00e1nica de Protecci\u00f3n de Datos y Garant\u00eda 3 das en lo que respecta al tratamiento de datos personales ya la libre circulaci\u00f3n de los mismos.<\/p>\n<p>El usuario podr\u00e1 en cualquier momento ejercitar los derechos de acceso, oposici\u00f3n, rectificaci\u00f3n, cancelaci\u00f3n, limitaci\u00f3n y portabilidad reconocidos en el citado Reglamento (UE). El ejercicio de estos derechos puede hacerlo el propio usuario a trav\u00e9s de email a: hola@verd.cat oa la direcci\u00f3n: Camino de la Selleta S\/N, 43530 Alcanar, (Tarragona). <\/p>\n<p>El usuario manifiesta que todos los datos facilitados por \u00e9l son ciertos y correctos, y se compromete a mantenerlos actualizados, comunicando los cambios a Ricard Rivera Pascual.<\/p>\n<h5>Finalidad del tratamiento de los datos personales:<\/h5>\n<p>\u00bfCon qu\u00e9 finalidad trataremos tus datos personales?<\/p>\n<p>Ricard Rivera Pascual, trataremos tus datos personales solicitados a trav\u00e9s del Sitio Web:<\/p>\n<p>www.verd.cat, con las siguientes finalidades:<\/p>\n<p>En caso de contrataci\u00f3n de los bienes y servicios ofrecidos a trav\u00e9s de www.verd.cat, para mantener la relaci\u00f3n contractual, as\u00ed como la gesti\u00f3n, administraci\u00f3n, informaci\u00f3n, prestaci\u00f3n y mejora del servicio.<br \/>Env\u00edo de informaci\u00f3n solicitada a trav\u00e9s de los formularios dispuestos en www.verd.cat.<\/p>\n<p>Remitir boletines (newsletters), as\u00ed como comunicaciones comerciales de promociones y\/o publicidad de www.verd.cat y del sector.<\/p>\n<p>Te recordamos que puedes oponerte al env\u00edo de comunicaciones comerciales por cualquier v\u00eda y en cualquier momento, remitiendo un correo electr\u00f3nico a la direcci\u00f3n anteriormente indicada.<\/p>\n<p>Los campos de estos registros son de cumplimentaci\u00f3n obligatoria, siendo imposible realizar las finalidades expresadas si no se aportan estos datos.<\/p>\n<h5>\u00bfPor cu\u00e1nto tiempo se conservan los datos personales recogidos?<\/h5>\n<p>Los datos personales proporcionados se conservar\u00e1n mientras se mantenga la relaci\u00f3n comercial o no solicite su supresi\u00f3n y durante el plazo por el que puedan derivarse responsabilidades legales por los servicios prestados.<\/p>\n<h5>Legitimaci\u00f3n:<\/h5>\n<p>El tratamiento de tus datos se realiza con las siguientes bases jur\u00eddicas que legitiman lo mismo:<\/p>\n<p>La solicitud de informaci\u00f3n y\/o contrataci\u00f3n de los servicios de Ricard Rivera Pascual, cuyos t\u00e9rminos y condiciones se pondr\u00e1n a tu disposici\u00f3n en todo caso, de forma previa a una eventual contrataci\u00f3n.<\/p>\n<p>El consentimiento libre, espec\u00edfico, informado e inequ\u00edvoco, en tanto que te informamos poniendo a tu disposici\u00f3n esta pol\u00edtica de privacidad, que despu\u00e9s de la lectura de la misma, en caso de estar conforme, puedes aceptar mediante una declaraci\u00f3n o una clara acci\u00f3n afirmativa, como el marcado de una casilla dispuesta a tal efecto.<\/p>\n<p>En caso de que no nos facilites tus datos o lo hagas de forma err\u00f3nea o incompleta, no podremos atender tu solicitud, resultando imposible proporcionarte la informaci\u00f3n solicitada o llevar a cabo la contrataci\u00f3n de los servicios.<\/p>\n<h5>Destinatarios:<\/h5>\n<p>Los datos no se comunicar\u00e1n a ning\u00fan tercero ajeno a Ricard Rivera Pascual, salvo obligaci\u00f3n legal. Como encargados de tratamiento, tenemos contratados a los siguientes proveedores de servicios, habi\u00e9ndose comprometido al cumplimiento de las disposiciones normativas, de aplicaci\u00f3n en materia de protecci\u00f3n de datos, en el momento de su contrataci\u00f3n: <\/p>\n<p>* Nota: Para visualizar el contenido de la siguiente p\u00e1gina ser\u00e1 requisito previo cumplimentar los encargados de tratamiento. Este tr\u00e1mite lo podr\u00e1 realizar en la pesta\u00f1a \u00abENCARGADOS\u00bb y posteriormente haciendo clic en el bot\u00f3n \u00bb Nuevo encargado\u00bb. <\/p>\n<h5>Datos recopilados por usuarios de los servicios<\/h5>\n<p>En los casos en que el usuario incluya archivos con datos de car\u00e1cter personal en los servidores de alojamiento compartido, Ricard Rivera Pascual, no se hace responsable del incumplimiento por parte del usuario del RGPD.<\/p>\n<h5>Retenci\u00f3n de datos de conformidad con la LSSI<\/h5>\n<p>Ricard Rivera Pascual, informa que, como prestamista de servicio de alojamiento de datos y en virtud de lo establecido en la Ley 34\/2002 de 11 de julio de Servicios de la Sociedad de la Informaci\u00f3n y de Comercio Electr\u00f3nico (LSSI), retiene por un per\u00edodo m\u00e1ximo de 12 meses la informaci\u00f3n imprescindible para identificar el origen de los datos alojados y el momento en el que. La retenci\u00f3n de estos datos no afectar\u00e1 al secreto de las comunicaciones y s\u00f3lo podr\u00e1n utilizarse en el marco de una investigaci\u00f3n criminal o para la salvaguarda de la seguridad p\u00fablica, poni\u00e9ndose a disposici\u00f3n de los jueces y\/o tribunales o del Ministerio que as\u00ed lo requiera. <\/p>\n<p>La comunicaci\u00f3n de datos a las Fuerzas y Cuerpos del Estado se realizar\u00e1 en virtud de lo dispuesto en la normativa sobre protecci\u00f3n de datos personales.<\/p>\n<p>Derechos propiedad intelectual www.verd.cat, Ricard Rivera Pascual es titular de todos los derechos de autor, propiedad intelectual, industrial y todos los dem\u00e1s derechos tienen que ver con los contenidos del sitio web www.verd.cat y los servicios que se ofrecen, as\u00ed como de los programas necesarios para su implementaci\u00f3n y la informaci\u00f3n relacionada. No est\u00e1 permitida la reproducci\u00f3n, publicaci\u00f3n y\/o uso no estrictamente privado de los contenidos, totales o parciales, del sitio web www.verd.cat sin el consentimiento previo y por escrito.<\/p>\n<h5>Propiedad intelectual del software<\/h5>\n<p>El usuario debe respetar los programas de terceros puestos a su disposici\u00f3n por Ricard Rivera Pascual, siendo gratuitos y\/o de disposici\u00f3n p\u00fablica.<\/p>\n<p>Ricard Rivera Pascual, dispone de los derechos de explotaci\u00f3n y propiedad intelectual necesarios del software.<\/p>\n<p>El usuario no adquiere ning\u00fan derecho o licencia por el servicio contratado, sobre el software necesario para la prestaci\u00f3n del servicio, ni tampoco sobre la informaci\u00f3n t\u00e9cnica de seguimiento del servicio, excepci\u00f3n hecha de los derechos y licencias necesarios para el cumplimiento de los servicios contratados y \u00fanicamente durante la duraci\u00f3n de los mismos.<\/p>\n<p>Para toda actuaci\u00f3n que exceda el cumplimiento del contrato, el usuario necesitar\u00e1 autorizaci\u00f3n por escrito de Ricard Rivera Pascual, quedando prohibido al usuario acceder, modificar, visualizar la configuraci\u00f3n, estructura y ficheros de los servidores propiedad de Ricard Rivera Pascual asumiendo la responsabilidad civil y penal derivada de cualquier incidencia que pudiera producirse en los servidores y sistemas de seguridad como consecuencia.<\/p>\n<h5>Propiedad intelectual de los contenidos alojados<\/h5>\n<p>Se proh\u00edbe el uso contrario a la legislaci\u00f3n sobre propiedad intelectual de los servicios prestados por Ricard Rivera Pascual y, en particular:<br \/>La utilizaci\u00f3n que resulte contraria a las leyes espa\u00f1olas o que infrinja los derechos de terceros.<br \/>La publicaci\u00f3n o transmisi\u00f3n de cualquier contenido que, a juicio de Ricard Rivera Pascual, resulte violento, obsceno, abusivo, ilegal, racial, xen\u00f3fobo o difamatorio.<br \/>Los cracks, n\u00fameros de serie de programas o cualquier otro contenido que vulnere derechos de la propiedad intelectual de terceros.<\/p>\n<p>La recogida y\/o utilizaci\u00f3n de datos personales de otros usuarios sin su consentimiento expreso o contraviniendo lo dispuesto en el Reglamento (UE) 2016\/679 del Parlamento Europeo y del Consejo, de 27 de abril de 2016, relativo a la protecci\u00f3n de las personas f\u00edsicas en cuanto al tratamiento de datos personales ya la libre circulaci\u00f3n.<\/p>\n<h5>La utilizaci\u00f3n del servidor de correo del dominio y de las direcciones de correo electr\u00f3nico para el env\u00edo de correo masivo no deseado.<\/h5>\n<p>El usuario tiene toda la responsabilidad sobre el contenido de la web, la informaci\u00f3n transmitida y almacenada, los enlaces de hipertexto, las reivindicaciones de terceros y las acciones legales en referencia a propiedad intelectual, derechos de terceros y protecci\u00f3n de menores.<\/p>\n<p>El usuario es responsable respecto a las leyes y reglamentos en vigor y las reglas que tienen que ver con el funcionamiento del servicio online, comercio electr\u00f3nico, derechos de autor, mantenimiento del orden p\u00fablico, as\u00ed como principios universales de uso de Internet.<\/p>\n<p>El usuario indemnizar\u00e1 a Ricard Rivera Pascual, por los gastos que generara la imputaci\u00f3n de Ricard Rivera Pascual, en alguna causa cuya responsabilidad fuera atribuible al usuario, incluidos honorarios y gastos de defensa jur\u00eddica, incluso en el caso de una decisi\u00f3n judicial no definitiva.<\/p>\n<h5>Protecci\u00f3n de la informaci\u00f3n alojada<\/h5>\n<p>Ricard Rivera Pascual, realiza copias de seguridad de los contenidos alojados en sus servidores, pero no se responsabiliza de la p\u00e9rdida o borrado accidental de los datos por parte de los usuarios. Del mismo modo, no garantiza la reposici\u00f3n total de los datos borrados por los usuarios, ya que dichos datos podr\u00edan haber sido suprimidos y\/o modificados durante el per\u00edodo del tiempo transcurrido desde la \u00faltima copia de seguridad.<\/p>\n<p>Los servicios ofrecidos, salvo los servicios espec\u00edficos de backup, no incluyen la reposici\u00f3n de los contenidos conservados en las copias de seguridad realizadas por Ricard Rivera Pascual, cuando esta p\u00e9rdida sea imputable al usuario; en este caso, se determinar\u00e1 una tarifa acorde con la complejidad y volumen de la recuperaci\u00f3n, siempre previa aceptaci\u00f3n del usuario.<\/p>\n<p>La reposici\u00f3n de datos borrados s\u00f3lo est\u00e1 incluida en el precio del servicio cuando la p\u00e9rdida del contenido se deba a causas atribuibles a Ricard Rivera Pascual.<\/p>\n<h5>Comunicaciones comerciales<\/h5>\n<p>En aplicaci\u00f3n de la LSSI. Ricard Rivera Pascual, no enviar\u00e1 comunicaciones publicitarias o promocionales por correo electr\u00f3nico u otro medio de comunicaci\u00f3n electr\u00f3nica equivalente que previamente no hayan sido solicitadas o expresamente autorizadas por los destinatarios de las mismas.<\/p>\n<p>En el caso de usuarios con los que exista una relaci\u00f3n contractual previa, Ricard Rivera Pascual, s\u00ed est\u00e1 autorizado al env\u00edo de comunicaciones comerciales referentes a productos o servicios de Ricard Rivera Pascual, que sean similares a los que inicialmente fueron objeto de contrataci\u00f3n con el cliente.<\/p>\n<p>En cualquier caso, el usuario, tras acreditar su identidad, podr\u00e1 solicitar que no se le haga llegar m\u00e1s informaci\u00f3n comercial a trav\u00e9s de los canales de Atenci\u00f3n al Cliente.<\/p>\n<\/div>\n\t\t\t\t<\/div>\n\t\t\t\t\t\t\t<div class=\"elementor-toggle-item\">\n\t\t\t\t\t<div id=\"elementor-tab-title-1843\" class=\"elementor-tab-title\" data-tab=\"3\" role=\"button\" aria-controls=\"elementor-tab-content-1843\" aria-expanded=\"false\">\n\t\t\t\t\t\t\t\t\t\t\t\t<span class=\"elementor-toggle-icon elementor-toggle-icon-left\" aria-hidden=\"true\">\n\t\t\t\t\t\t\t\t\t\t\t\t\t\t\t<span class=\"elementor-toggle-icon-closed\"><svg class=\"e-font-icon-svg e-fas-plus\" viewBox=\"0 0 448 512\" xmlns=\"http:\/\/www.w3.org\/2000\/svg\"><path d=\"M416 208H272V64c0-17.67-14.33-32-32-32h-32c-17.67 0-32 14.33-32 32v144H32c-17.67 0-32 14.33-32 32v32c0 17.67 14.33 32 32 32h144v144c0 17.67 14.33 32 32 32h32c17.67 0 32-14.33 32-32V304h144c17.67 0 32-14.33 32-32v-32c0-17.67-14.33-32-32-32z\"><\/path><\/svg><\/span>\n\t\t\t\t\t\t\t\t<span class=\"elementor-toggle-icon-opened\"><svg class=\"elementor-toggle-icon-opened e-font-icon-svg e-fas-minus\" viewBox=\"0 0 448 512\" xmlns=\"http:\/\/www.w3.org\/2000\/svg\"><path d=\"M416 208H32c-17.67 0-32 14.33-32 32v32c0 17.67 14.33 32 32 32h384c17.67 0 32-14.33 32-32v-32c0-17.67-14.33-32-32-32z\"><\/path><\/svg><\/span>\n\t\t\t\t\t\t\t\t\t\t\t\t\t<\/span>\n\t\t\t\t\t\t\t\t\t\t\t\t<a class=\"elementor-toggle-title\" tabindex=\"0\">Condiciones de venta<\/a>\n\t\t\t\t\t<\/div>\n\n\t\t\t\t\t<div id=\"elementor-tab-content-1843\" class=\"elementor-tab-content elementor-clearfix\" data-tab=\"3\" role=\"region\" aria-labelledby=\"elementor-tab-title-1843\"><h5>1. Identificaci\u00f3n del Vendedor<\/h5>\n<p>El presente documento establece las condiciones generales de venta de los productos ofrecidos a trav\u00e9s de nuestra p\u00e1gina web Verd.cat (en adelante, \u00abel Vendedor\u00bb). Cualquier compra realizada implica la plena aceptaci\u00f3n de las presentes condiciones.<\/p>\n<h5>2. Productos y Disponibilidad<\/h5>\n<p>Nuestros productos son aguacates de producci\u00f3n propia. La disponibilidad de los productos puede variar seg\u00fan temporada y stock. En caso de indisponibilidad, nos pondremos en contacto con el cliente para ofrecerle una soluci\u00f3n alternativa o el reembolso del importe correspondiente.<\/p>\n<h5>3. Precios y Formas de Pago<\/h5>\n<p>Todos los precios est\u00e1n indicados en euros e incluyen impuestos aplicables. Los gastos de env\u00edo se calcular\u00e1n en funci\u00f3n del destino y se detallar\u00e1n antes de finalizar la compra. Los pagos se pueden realizar mediante tarjeta de cr\u00e9dito\/d\u00e9bito, transferencia bancaria u otros medios indicados en la web.<\/p>\n<h5>4. Env\u00edos y Plazos de Entrega<\/h5>\n<p>Los env\u00edos se realizan a trav\u00e9s de empresas de transporte especializadas para garantizar la frescura y calidad del producto. El plazo de entrega estimado se comunicar\u00e1 al cliente en el momento de la compra. No nos hacemos responsables de los retrasos derivados de circunstancias ajenas a nuestro control.<\/p>\n<h5>5. Derecho de Desistimiento y Devoluciones<\/h5>\n<p>Dado que se trata de productos perecederos, no se aceptan devoluciones a menos que el producto llegue en mal estado. En ese caso, el cliente deber\u00e1 comunicar la incidencia en un plazo m\u00e1ximo de 24 horas despu\u00e9s de la recepci\u00f3n del producto, aportando fotograf\u00edas como prueba. Se ofrecer\u00e1 una reposici\u00f3n o reembolso del importe correspondiente.<\/p>\n<h5>6. Responsabilidad y Garant\u00eda<\/h5>\n<p>Garantizamos la calidad de nuestros aguacates y nos comprometemos a respetar todas las normativas vigentes en materia de seguridad alimenticia. Sin embargo, no nos hacemos responsables de los da\u00f1os derivados de un uso inadecuado del producto por parte del consumidor.<\/p>\n<h5>7. Protecci\u00f3n de Datos<\/h5>\n<p>Los datos personales facilitados por el cliente ser\u00e1n tratados de acuerdo con nuestra pol\u00edtica de privacidad y no ser\u00e1n cedidos a terceros sin consentimiento expreso.<\/p>\n<h5>8. Ley Aplicable y Jurisdicci\u00f3n<\/h5>\n<p>Estas condiciones se rigen por la legislaci\u00f3n espa\u00f1ola. En caso de conflicto, las partes acuerdan someterse a los tribunales competentes del domicilio del Vendedor o cliente seg\u00fan la normativa aplicable.<\/p>\n<p>Para cualquier duda o consulta, puede contactar con nosotros a trav\u00e9s de nuestro servicio de atenci\u00f3n al cliente oa trav\u00e9s de este <a href=\"https:\/\/verd.cat\/es\/contacto\/\">formulario de contacto<\/a> .<\/p>\n<\/div>\n\t\t\t\t<\/div>\n\t\t\t\t\t\t\t\t<\/div>\n\t\t\t\t\t\t<\/div>\n\t\t\t\t<div class=\"elementor-element elementor-element-748b41f elementor-widget elementor-widget-spacer\" data-id=\"748b41f\" data-element_type=\"widget\" data-e-type=\"widget\" data-widget_type=\"spacer.default\">\n\t\t\t\t\t\t\t<div class=\"elementor-spacer\">\n\t\t\t<div class=\"elementor-spacer-inner\"><\/div>\n\t\t<\/div>\n\t\t\t\t\t\t<\/div>\n\t\t\t\t\t<\/div>\n\t\t<\/div>\n\t\t\t\t\t<\/div>\n\t\t<\/section>\n\t\t\t\t<\/div>\n\t\t","protected":false},"excerpt":{"rendered":"<p>Aviso legal Ricard Rivera Pascual, con CIF\/NIF no: 38856038E y direcci\u00f3n a: Camino de la Selleta S\/N, 43530 Alcanar, (Tarragona), no puede asumir ninguna responsabilidad derivada del uso incorrecto, inapropiado o il\u00edcito aparecida en las p\u00e1ginas web de: www.verd.cat Que est\u00e1 inscrita en el Registro Mercantil de Tarragona. Con los l\u00edmites establecidos en la ley, [&hellip;]<\/p>\n","protected":false},"author":1,"featured_media":0,"parent":0,"menu_order":0,"comment_status":"closed","ping_status":"closed","template":"","meta":{"footnotes":""},"class_list":["post-54339","page","type-page","status-publish","hentry"],"_links":{"self":[{"href":"https:\/\/verd.cat\/es\/wp-json\/wp\/v2\/pages\/54339","targetHints":{"allow":["GET"]}}],"collection":[{"href":"https:\/\/verd.cat\/es\/wp-json\/wp\/v2\/pages"}],"about":[{"href":"https:\/\/verd.cat\/es\/wp-json\/wp\/v2\/types\/page"}],"author":[{"embeddable":true,"href":"https:\/\/verd.cat\/es\/wp-json\/wp\/v2\/users\/1"}],"replies":[{"embeddable":true,"href":"https:\/\/verd.cat\/es\/wp-json\/wp\/v2\/comments?post=54339"}],"version-history":[{"count":2,"href":"https:\/\/verd.cat\/es\/wp-json\/wp\/v2\/pages\/54339\/revisions"}],"predecessor-version":[{"id":54377,"href":"https:\/\/verd.cat\/es\/wp-json\/wp\/v2\/pages\/54339\/revisions\/54377"}],"wp:attachment":[{"href":"https:\/\/verd.cat\/es\/wp-json\/wp\/v2\/media?parent=54339"}],"curies":[{"name":"wp","href":"https:\/\/api.w.org\/{rel}","templated":true}]}}