{"id":54341,"date":"2025-01-03T11:54:24","date_gmt":"2025-01-03T09:54:24","guid":{"rendered":"https:\/\/verd.cat\/aviso-legal\/condiciones-de-venta\/"},"modified":"2025-04-07T10:10:34","modified_gmt":"2025-04-07T08:10:34","slug":"condiciones-de-venta","status":"publish","type":"page","link":"https:\/\/verd.cat\/es\/aviso-legal\/condiciones-de-venta\/","title":{"rendered":"Condiciones de Venta"},"content":{"rendered":"\t\t<div data-elementor-type=\"wp-page\" data-elementor-id=\"54341\" class=\"elementor elementor-54341 elementor-21833\" data-elementor-post-type=\"page\">\n\t\t\t\t\t\t<section class=\"elementor-section elementor-top-section elementor-element elementor-element-2b5606e8 elementor-section-content-middle elementor-section-boxed elementor-section-height-default elementor-section-height-default default-style\" data-id=\"2b5606e8\" data-element_type=\"section\" data-e-type=\"section\" data-settings=\"{&quot;rt_color_sets&quot;:&quot;default-style&quot;}\">\n\t\t\t\t\t\t<div class=\"elementor-container elementor-column-gap-default\">\n\t\t\t\t\t<div class=\"elementor-column elementor-col-100 elementor-top-column elementor-element elementor-element-10c72053\" data-id=\"10c72053\" data-element_type=\"column\" data-e-type=\"column\">\n\t\t\t<div class=\"elementor-widget-wrap elementor-element-populated\">\n\t\t\t\t\t\t<div class=\"elementor-element elementor-element-28e5f6e elementor-widget elementor-widget-text-editor\" data-id=\"28e5f6e\" data-element_type=\"widget\" data-e-type=\"widget\" data-widget_type=\"text-editor.default\">\n\t\t\t\t\t\t\t\t\t<h5>1. Identificaci\u00f3n del Vendedor<\/h5><p>El presente documento establece las condiciones generales de venta de los productos ofrecidos a trav\u00e9s de nuestra p\u00e1gina web Verd.cat (en adelante, \u00abel Vendedor\u00bb). Cualquier compra realizada implica la plena aceptaci\u00f3n de las presentes condiciones.<\/p><p> <\/p><h5>2. Productos y Disponibilidad<\/h5><p>Nuestros productos son aguacates de producci\u00f3n propia. La disponibilidad de los productos puede variar seg\u00fan temporada y stock. En caso de indisponibilidad, nos pondremos en contacto con el cliente para ofrecerle una soluci\u00f3n alternativa o el reembolso del importe correspondiente.<\/p><h5>3. Precios y Formas de Pago<\/h5><p>Todos los precios est\u00e1n indicados en euros e incluyen impuestos aplicables. Los gastos de env\u00edo se calcular\u00e1n en funci\u00f3n del destino y se detallar\u00e1n antes de finalizar la compra. Los pagos se pueden realizar mediante tarjeta de cr\u00e9dito\/d\u00e9bito, transferencia bancaria u otros medios indicados en la web.<\/p><h5>4. Env\u00edos y Plazos de Entrega<\/h5><p>Los env\u00edos se realizan a trav\u00e9s de empresas de transporte especializadas para garantizar la frescura y calidad del producto. El plazo de entrega estimado se comunicar\u00e1 al cliente en el momento de la compra. No nos hacemos responsables de los retrasos derivados de circunstancias ajenas a nuestro control.<\/p><h5>5. Derecho de Desistimiento y Devoluciones<\/h5><p>Dado que se trata de productos perecederos, no se aceptan devoluciones a menos que el producto llegue en mal estado. En ese caso, el cliente deber\u00e1 comunicar la incidencia en un plazo m\u00e1ximo de 24 horas despu\u00e9s de la recepci\u00f3n del producto, aportando fotograf\u00edas como prueba. Se ofrecer\u00e1 una reposici\u00f3n o reembolso del importe correspondiente.<\/p><h5>6. Responsabilidad y Garant\u00eda<\/h5><p>Garantizamos la calidad de nuestros aguacates y nos comprometemos a respetar todas las normativas vigentes en materia de seguridad alimenticia. Sin embargo, no nos hacemos responsables de los da\u00f1os derivados de un uso inadecuado del producto por parte del consumidor.<\/p><h5>7. Protecci\u00f3n de Datos<\/h5><p>Los datos personales facilitados por el cliente ser\u00e1n tratados de acuerdo con nuestra pol\u00edtica de privacidad y no ser\u00e1n cedidos a terceros sin consentimiento expreso.<\/p><h5>8. Ley Aplicable y Jurisdicci\u00f3n<\/h5><p>Estas condiciones se rigen por la legislaci\u00f3n espa\u00f1ola. En caso de conflicto, las partes acuerdan someterse a los tribunales competentes del domicilio del Vendedor o cliente seg\u00fan la normativa aplicable.<\/p><p>Para cualquier duda o consulta, puede contactar con nosotros a trav\u00e9s de nuestro servicio de atenci\u00f3n al cliente oa trav\u00e9s de este <a href=\"https:\/\/verd.cat\/es\/contacto\/\">formulario de contacto<\/a> .<\/p>\t\t\t\t\t\t\t\t<\/div>\n\t\t\t\t\t<\/div>\n\t\t<\/div>\n\t\t\t\t\t<\/div>\n\t\t<\/section>\n\t\t\t\t<\/div>\n\t\t","protected":false},"excerpt":{"rendered":"<p>1. Identificaci\u00f3n del Vendedor El presente documento establece las condiciones generales de venta de los productos ofrecidos a trav\u00e9s de nuestra p\u00e1gina web Verd.cat (en adelante, \u00abel Vendedor\u00bb). Cualquier compra realizada implica la plena aceptaci\u00f3n de las presentes condiciones. 2. Productos y Disponibilidad Nuestros productos son aguacates de producci\u00f3n propia. La disponibilidad de los productos [&hellip;]<\/p>\n","protected":false},"author":1,"featured_media":0,"parent":54339,"menu_order":0,"comment_status":"closed","ping_status":"closed","template":"","meta":{"footnotes":""},"class_list":["post-54341","page","type-page","status-publish","hentry"],"_links":{"self":[{"href":"https:\/\/verd.cat\/es\/wp-json\/wp\/v2\/pages\/54341","targetHints":{"allow":["GET"]}}],"collection":[{"href":"https:\/\/verd.cat\/es\/wp-json\/wp\/v2\/pages"}],"about":[{"href":"https:\/\/verd.cat\/es\/wp-json\/wp\/v2\/types\/page"}],"author":[{"embeddable":true,"href":"https:\/\/verd.cat\/es\/wp-json\/wp\/v2\/users\/1"}],"replies":[{"embeddable":true,"href":"https:\/\/verd.cat\/es\/wp-json\/wp\/v2\/comments?post=54341"}],"version-history":[{"count":1,"href":"https:\/\/verd.cat\/es\/wp-json\/wp\/v2\/pages\/54341\/revisions"}],"predecessor-version":[{"id":54342,"href":"https:\/\/verd.cat\/es\/wp-json\/wp\/v2\/pages\/54341\/revisions\/54342"}],"up":[{"embeddable":true,"href":"https:\/\/verd.cat\/es\/wp-json\/wp\/v2\/pages\/54339"}],"wp:attachment":[{"href":"https:\/\/verd.cat\/es\/wp-json\/wp\/v2\/media?parent=54341"}],"curies":[{"name":"wp","href":"https:\/\/api.w.org\/{rel}","templated":true}]}}