{"id":54347,"date":"2025-01-20T11:49:46","date_gmt":"2025-01-20T09:49:46","guid":{"rendered":"https:\/\/verd.cat\/aviso-legal\/politica-de-cookies\/"},"modified":"2025-04-07T12:56:18","modified_gmt":"2025-04-07T10:56:18","slug":"politica-de-cookies","status":"publish","type":"page","link":"https:\/\/verd.cat\/es\/aviso-legal\/politica-de-cookies\/","title":{"rendered":"Pol\u00edtica de cookies"},"content":{"rendered":"\t\t<div data-elementor-type=\"wp-page\" data-elementor-id=\"54347\" class=\"elementor elementor-54347 elementor-20732\" data-elementor-post-type=\"page\">\n\t\t\t\t\t\t<section class=\"elementor-section elementor-top-section elementor-element elementor-element-838229e elementor-section-boxed elementor-section-height-default elementor-section-height-default default-style\" data-id=\"838229e\" data-element_type=\"section\" data-e-type=\"section\" data-settings=\"{&quot;rt_color_sets&quot;:&quot;default-style&quot;}\">\n\t\t\t\t\t\t<div class=\"elementor-container elementor-column-gap-default\">\n\t\t\t\t\t<div class=\"elementor-column elementor-col-100 elementor-top-column elementor-element elementor-element-62ebb7a\" data-id=\"62ebb7a\" data-element_type=\"column\" data-e-type=\"column\">\n\t\t\t<div class=\"elementor-widget-wrap elementor-element-populated\">\n\t\t\t\t\t\t<div class=\"elementor-element elementor-element-45f27ba elementor-widget elementor-widget-toggle\" data-id=\"45f27ba\" data-element_type=\"widget\" data-e-type=\"widget\" data-widget_type=\"toggle.default\">\n\t\t\t\t\t\t\t<div class=\"elementor-toggle\">\n\t\t\t\t\t\t\t<div class=\"elementor-toggle-item\">\n\t\t\t\t\t<div id=\"elementor-tab-title-7331\" class=\"elementor-tab-title\" data-tab=\"1\" role=\"button\" aria-controls=\"elementor-tab-content-7331\" aria-expanded=\"false\">\n\t\t\t\t\t\t\t\t\t\t\t\t<span class=\"elementor-toggle-icon elementor-toggle-icon-left\" aria-hidden=\"true\">\n\t\t\t\t\t\t\t\t\t\t\t\t\t\t\t<span class=\"elementor-toggle-icon-closed\"><svg class=\"e-font-icon-svg e-fas-plus\" viewBox=\"0 0 448 512\" xmlns=\"http:\/\/www.w3.org\/2000\/svg\"><path d=\"M416 208H272V64c0-17.67-14.33-32-32-32h-32c-17.67 0-32 14.33-32 32v144H32c-17.67 0-32 14.33-32 32v32c0 17.67 14.33 32 32 32h144v144c0 17.67 14.33 32 32 32h32c17.67 0 32-14.33 32-32V304h144c17.67 0 32-14.33 32-32v-32c0-17.67-14.33-32-32-32z\"><\/path><\/svg><\/span>\n\t\t\t\t\t\t\t\t<span class=\"elementor-toggle-icon-opened\"><svg class=\"elementor-toggle-icon-opened e-font-icon-svg e-fas-minus\" viewBox=\"0 0 448 512\" xmlns=\"http:\/\/www.w3.org\/2000\/svg\"><path d=\"M416 208H32c-17.67 0-32 14.33-32 32v32c0 17.67 14.33 32 32 32h384c17.67 0 32-14.33 32-32v-32c0-17.67-14.33-32-32-32z\"><\/path><\/svg><\/span>\n\t\t\t\t\t\t\t\t\t\t\t\t\t<\/span>\n\t\t\t\t\t\t\t\t\t\t\t\t<a class=\"elementor-toggle-title\" tabindex=\"0\">Informaci\u00f3n<\/a>\n\t\t\t\t\t<\/div>\n\n\t\t\t\t\t<div id=\"elementor-tab-content-7331\" class=\"elementor-tab-content elementor-clearfix\" data-tab=\"1\" role=\"region\" aria-labelledby=\"elementor-tab-title-7331\"><p>Una cookie es un peque\u00f1o archivo de texto que se almacena en su navegador cuando visita casi cualquier p\u00e1gina web. Su utilidad es que la web sea capaz de recordar su visita cuando vuelva a navegar por esta p\u00e1gina. Las cookies suelen almacenar informaci\u00f3n de car\u00e1cter t\u00e9cnico, preferencias personales, personalizaci\u00f3n de contenidos, estad\u00edsticas de uso, enlaces a redes sociales, acceso a cuentas de usuario, etc. El objetivo de la cookie es adaptar el contenido de la web a su perfil y necesidades, sin cookies los servicios ofrecidos por cualquier p\u00e1gina se ver\u00edan mermados notablemente. Si desea consultar m\u00e1s informaci\u00f3n sobre qu\u00e9 son las cookies, qu\u00e9 almacenan, c\u00f3mo eliminarlas, desactivarlas, etc., le rogamos se dirija a este <a href=\"https:\/\/verd.cat\/es\/aviso-legal\/mas-informacion-sobre-las-cookies\/\">enlace<\/a>.<\/p><\/div>\n\t\t\t\t<\/div>\n\t\t\t\t\t\t\t<div class=\"elementor-toggle-item\">\n\t\t\t\t\t<div id=\"elementor-tab-title-7332\" class=\"elementor-tab-title\" data-tab=\"2\" role=\"button\" aria-controls=\"elementor-tab-content-7332\" aria-expanded=\"false\">\n\t\t\t\t\t\t\t\t\t\t\t\t<span class=\"elementor-toggle-icon elementor-toggle-icon-left\" aria-hidden=\"true\">\n\t\t\t\t\t\t\t\t\t\t\t\t\t\t\t<span class=\"elementor-toggle-icon-closed\"><svg class=\"e-font-icon-svg e-fas-plus\" viewBox=\"0 0 448 512\" xmlns=\"http:\/\/www.w3.org\/2000\/svg\"><path d=\"M416 208H272V64c0-17.67-14.33-32-32-32h-32c-17.67 0-32 14.33-32 32v144H32c-17.67 0-32 14.33-32 32v32c0 17.67 14.33 32 32 32h144v144c0 17.67 14.33 32 32 32h32c17.67 0 32-14.33 32-32V304h144c17.67 0 32-14.33 32-32v-32c0-17.67-14.33-32-32-32z\"><\/path><\/svg><\/span>\n\t\t\t\t\t\t\t\t<span class=\"elementor-toggle-icon-opened\"><svg class=\"elementor-toggle-icon-opened e-font-icon-svg e-fas-minus\" viewBox=\"0 0 448 512\" xmlns=\"http:\/\/www.w3.org\/2000\/svg\"><path d=\"M416 208H32c-17.67 0-32 14.33-32 32v32c0 17.67 14.33 32 32 32h384c17.67 0 32-14.33 32-32v-32c0-17.67-14.33-32-32-32z\"><\/path><\/svg><\/span>\n\t\t\t\t\t\t\t\t\t\t\t\t\t<\/span>\n\t\t\t\t\t\t\t\t\t\t\t\t<a class=\"elementor-toggle-title\" tabindex=\"0\">Cookies utilizadas en este sitio web<\/a>\n\t\t\t\t\t<\/div>\n\n\t\t\t\t\t<div id=\"elementor-tab-content-7332\" class=\"elementor-tab-content elementor-clearfix\" data-tab=\"2\" role=\"region\" aria-labelledby=\"elementor-tab-title-7332\"><p>Siguiendo las directrices de la Agencia Espa\u00f1ola de Protecci\u00f3n de Datos procedemos a detallar el uso de cookies que hace esta web para informarle con la m\u00e1xima exactitud posible.<\/p><p>Este sitio web utiliza las cookies propias:<\/p><p><em><strong>Cookies de sesi\u00f3n<\/strong><\/em>, para garantizar que los usuarios que escriban comentarios en tu blog sean humanos y no aplicaciones automatizadas. De esta manera se combate el spam.<\/p><p>Este sitio web utiliza las cookies de terceros siguientes:<\/p><p><em><strong>Google Analytics:<\/strong><\/em> Almacena cookies para poder elaborar estad\u00edsticas sobre el tr\u00e1fico y volumen de visitas de esta web. Al utilizar este sitio web est\u00e1 consintiendo el tratamiento de informaci\u00f3n sobre usted por Google. Por tanto, el ejercicio de cualquier derecho en este sentido deber\u00e1 hacerlo comunicando directamente con Google. <br \/><em><strong>Redes sociales: <\/strong><\/em>Cada red social utiliza sus propias cookies para que pueda pinchar en botones del tipo Me gusta o Compartir.<\/p><\/div>\n\t\t\t\t<\/div>\n\t\t\t\t\t\t\t<div class=\"elementor-toggle-item\">\n\t\t\t\t\t<div id=\"elementor-tab-title-7333\" class=\"elementor-tab-title\" data-tab=\"3\" role=\"button\" aria-controls=\"elementor-tab-content-7333\" aria-expanded=\"false\">\n\t\t\t\t\t\t\t\t\t\t\t\t<span class=\"elementor-toggle-icon elementor-toggle-icon-left\" aria-hidden=\"true\">\n\t\t\t\t\t\t\t\t\t\t\t\t\t\t\t<span class=\"elementor-toggle-icon-closed\"><svg class=\"e-font-icon-svg e-fas-plus\" viewBox=\"0 0 448 512\" xmlns=\"http:\/\/www.w3.org\/2000\/svg\"><path d=\"M416 208H272V64c0-17.67-14.33-32-32-32h-32c-17.67 0-32 14.33-32 32v144H32c-17.67 0-32 14.33-32 32v32c0 17.67 14.33 32 32 32h144v144c0 17.67 14.33 32 32 32h32c17.67 0 32-14.33 32-32V304h144c17.67 0 32-14.33 32-32v-32c0-17.67-14.33-32-32-32z\"><\/path><\/svg><\/span>\n\t\t\t\t\t\t\t\t<span class=\"elementor-toggle-icon-opened\"><svg class=\"elementor-toggle-icon-opened e-font-icon-svg e-fas-minus\" viewBox=\"0 0 448 512\" xmlns=\"http:\/\/www.w3.org\/2000\/svg\"><path d=\"M416 208H32c-17.67 0-32 14.33-32 32v32c0 17.67 14.33 32 32 32h384c17.67 0 32-14.33 32-32v-32c0-17.67-14.33-32-32-32z\"><\/path><\/svg><\/span>\n\t\t\t\t\t\t\t\t\t\t\t\t\t<\/span>\n\t\t\t\t\t\t\t\t\t\t\t\t<a class=\"elementor-toggle-title\" tabindex=\"0\">Desactivaci\u00f3n o eliminaci\u00f3n de cookies<\/a>\n\t\t\t\t\t<\/div>\n\n\t\t\t\t\t<div id=\"elementor-tab-content-7333\" class=\"elementor-tab-content elementor-clearfix\" data-tab=\"3\" role=\"region\" aria-labelledby=\"elementor-tab-title-7333\"><p>En cualquier momento podr\u00e1 ejercer su derecho de desactivaci\u00f3n o eliminaci\u00f3n de cookies de este sitio web. Estas acciones se realizan de forma diferente en funci\u00f3n del navegador que utilice. Aqu\u00ed le dejamos una gu\u00eda r\u00e1pida para los <a href=\"https:\/\/verd.cat\/es\/aviso-legal\/mas-informacion-sobre-las-cookies\/\">navegadores m\u00e1s populares<\/a>.<\/p><\/div>\n\t\t\t\t<\/div>\n\t\t\t\t\t\t\t<div class=\"elementor-toggle-item\">\n\t\t\t\t\t<div id=\"elementor-tab-title-7334\" class=\"elementor-tab-title\" data-tab=\"4\" role=\"button\" aria-controls=\"elementor-tab-content-7334\" aria-expanded=\"false\">\n\t\t\t\t\t\t\t\t\t\t\t\t<span class=\"elementor-toggle-icon elementor-toggle-icon-left\" aria-hidden=\"true\">\n\t\t\t\t\t\t\t\t\t\t\t\t\t\t\t<span class=\"elementor-toggle-icon-closed\"><svg class=\"e-font-icon-svg e-fas-plus\" viewBox=\"0 0 448 512\" xmlns=\"http:\/\/www.w3.org\/2000\/svg\"><path d=\"M416 208H272V64c0-17.67-14.33-32-32-32h-32c-17.67 0-32 14.33-32 32v144H32c-17.67 0-32 14.33-32 32v32c0 17.67 14.33 32 32 32h144v144c0 17.67 14.33 32 32 32h32c17.67 0 32-14.33 32-32V304h144c17.67 0 32-14.33 32-32v-32c0-17.67-14.33-32-32-32z\"><\/path><\/svg><\/span>\n\t\t\t\t\t\t\t\t<span class=\"elementor-toggle-icon-opened\"><svg class=\"elementor-toggle-icon-opened e-font-icon-svg e-fas-minus\" viewBox=\"0 0 448 512\" xmlns=\"http:\/\/www.w3.org\/2000\/svg\"><path d=\"M416 208H32c-17.67 0-32 14.33-32 32v32c0 17.67 14.33 32 32 32h384c17.67 0 32-14.33 32-32v-32c0-17.67-14.33-32-32-32z\"><\/path><\/svg><\/span>\n\t\t\t\t\t\t\t\t\t\t\t\t\t<\/span>\n\t\t\t\t\t\t\t\t\t\t\t\t<a class=\"elementor-toggle-title\" tabindex=\"0\">Notas adicionales<\/a>\n\t\t\t\t\t<\/div>\n\n\t\t\t\t\t<div id=\"elementor-tab-content-7334\" class=\"elementor-tab-content elementor-clearfix\" data-tab=\"4\" role=\"region\" aria-labelledby=\"elementor-tab-title-7334\"><ul><li>Ni esta web ni sus representantes legales se hacen responsables ni del contenido ni de la veracidad de las pol\u00edticas de privacidad que puedan tener los terceros citados en esta pol\u00edtica de cookies.<\/li><li>Los navegadores web son las herramientas encargadas de almacenar las cookies y desde este sitio debe efectuar el derecho a eliminarlo o desactivarlo. Ni esta web ni sus representantes legales pueden garantizar la correcta o incorrecta manipulaci\u00f3n de las cookies por parte de dichos navegadores.<\/li><li>En algunos casos es necesario instalar cookies para que el navegador no olvide su decisi\u00f3n de no aceptarlas.<\/li><li>En el caso de las cookies de Google Analytics, esta empresa almacena las cookies en servidores ubicados en Estados Unidos y se compromete a no compartirla con terceros, salvo en los casos en que sea necesario para el funcionamiento del sistema o cuando la ley obligue a tal efecto. Seg\u00fan Google no guarda su direcci\u00f3n IP. Google Inc. es una compa\u00f1\u00eda adherida al Acuerdo de Port Segur que garantiza que todos los datos transferidos ser\u00e1n tratados con un nivel de protecci\u00f3n acorde con la normativa europea. Puede consultar informaci\u00f3n detallada en este enlace. Si desea informaci\u00f3n sobre el uso que Google da a las cookies le adjuntamos este otro enlace. <br \/>Para cualquier duda o consulta sobre esta pol\u00edtica de cookies no dude en comunicarse con nosotros a trav\u00e9s de la secci\u00f3n de contacto.<\/li><\/ul><ul><li>Para m\u00e1s informaci\u00f3n sobre el uso de cookies no deje de visitar el siguiente enlace <a href=\"https:\/\/verd.cat\/es\/aviso-legal\/mas-informacion-sobre-las-cookies\/\">M\u00e1s informaci\u00f3n sobre la pol\u00edtica de cookies<\/a>.<\/li><\/ul><\/div>\n\t\t\t\t<\/div>\n\t\t\t\t\t\t\t\t\t\t<script type=\"application\/ld+json\">{\"@context\":\"https:\\\/\\\/schema.org\",\"@type\":\"FAQPage\",\"mainEntity\":[{\"@type\":\"Question\",\"name\":\"Informaci\\u00f3n\",\"acceptedAnswer\":{\"@type\":\"Answer\",\"text\":\"<p>Una cookie es un peque\\u00f1o archivo de texto que se almacena en su navegador cuando visita casi cualquier p\\u00e1gina web. Su utilidad es que la web sea capaz de recordar su visita cuando vuelva a navegar por esta p\\u00e1gina. Las cookies suelen almacenar informaci\\u00f3n de car\\u00e1cter t\\u00e9cnico, preferencias personales, personalizaci\\u00f3n de contenidos, estad\\u00edsticas de uso, enlaces a redes sociales, acceso a cuentas de usuario, etc. El objetivo de la cookie es adaptar el contenido de la web a su perfil y necesidades, sin cookies los servicios ofrecidos por cualquier p\\u00e1gina se ver\\u00edan mermados notablemente. Si desea consultar m\\u00e1s informaci\\u00f3n sobre qu\\u00e9 son las cookies, qu\\u00e9 almacenan, c\\u00f3mo eliminarlas, desactivarlas, etc., le rogamos se dirija a este <a href=\\\"https:\\\/\\\/verd.cat\\\/es\\\/aviso-legal\\\/mas-informacion-sobre-las-cookies\\\/\\\">enlace<\\\/a>.<\\\/p>\"}},{\"@type\":\"Question\",\"name\":\"Cookies utilizadas en este sitio web\",\"acceptedAnswer\":{\"@type\":\"Answer\",\"text\":\"<p>Siguiendo las directrices de la Agencia Espa\\u00f1ola de Protecci\\u00f3n de Datos procedemos a detallar el uso de cookies que hace esta web para informarle con la m\\u00e1xima exactitud posible.<\\\/p><p>Este sitio web utiliza las cookies propias:<\\\/p><p><em><strong>Cookies de sesi\\u00f3n<\\\/strong><\\\/em>, para garantizar que los usuarios que escriban comentarios en tu blog sean humanos y no aplicaciones automatizadas. De esta manera se combate el spam.<\\\/p><p>Este sitio web utiliza las cookies de terceros siguientes:<\\\/p><p><em><strong>Google Analytics:<\\\/strong><\\\/em> Almacena cookies para poder elaborar estad\\u00edsticas sobre el tr\\u00e1fico y volumen de visitas de esta web. Al utilizar este sitio web est\\u00e1 consintiendo el tratamiento de informaci\\u00f3n sobre usted por Google. Por tanto, el ejercicio de cualquier derecho en este sentido deber\\u00e1 hacerlo comunicando directamente con Google. <br \\\/><em><strong>Redes sociales: <\\\/strong><\\\/em>Cada red social utiliza sus propias cookies para que pueda pinchar en botones del tipo Me gusta o Compartir.<\\\/p>\"}},{\"@type\":\"Question\",\"name\":\"Desactivaci\\u00f3n o eliminaci\\u00f3n de cookies\",\"acceptedAnswer\":{\"@type\":\"Answer\",\"text\":\"<p>En cualquier momento podr\\u00e1 ejercer su derecho de desactivaci\\u00f3n o eliminaci\\u00f3n de cookies de este sitio web. Estas acciones se realizan de forma diferente en funci\\u00f3n del navegador que utilice. Aqu\\u00ed le dejamos una gu\\u00eda r\\u00e1pida para los <a href=\\\"https:\\\/\\\/verd.cat\\\/es\\\/aviso-legal\\\/mas-informacion-sobre-las-cookies\\\/\\\">navegadores m\\u00e1s populares<\\\/a>.<\\\/p>\"}},{\"@type\":\"Question\",\"name\":\"Notas adicionales\",\"acceptedAnswer\":{\"@type\":\"Answer\",\"text\":\"<ul><li>Ni esta web ni sus representantes legales se hacen responsables ni del contenido ni de la veracidad de las pol\\u00edticas de privacidad que puedan tener los terceros citados en esta pol\\u00edtica de cookies.<\\\/li><li>Los navegadores web son las herramientas encargadas de almacenar las cookies y desde este sitio debe efectuar el derecho a eliminarlo o desactivarlo. Ni esta web ni sus representantes legales pueden garantizar la correcta o incorrecta manipulaci\\u00f3n de las cookies por parte de dichos navegadores.<\\\/li><li>En algunos casos es necesario instalar cookies para que el navegador no olvide su decisi\\u00f3n de no aceptarlas.<\\\/li><li>En el caso de las cookies de Google Analytics, esta empresa almacena las cookies en servidores ubicados en Estados Unidos y se compromete a no compartirla con terceros, salvo en los casos en que sea necesario para el funcionamiento del sistema o cuando la ley obligue a tal efecto. Seg\\u00fan Google no guarda su direcci\\u00f3n IP. Google Inc. es una compa\\u00f1\\u00eda adherida al Acuerdo de Port Segur que garantiza que todos los datos transferidos ser\\u00e1n tratados con un nivel de protecci\\u00f3n acorde con la normativa europea. Puede consultar informaci\\u00f3n detallada en este enlace. Si desea informaci\\u00f3n sobre el uso que Google da a las cookies le adjuntamos este otro enlace. <br \\\/>Para cualquier duda o consulta sobre esta pol\\u00edtica de cookies no dude en comunicarse con nosotros a trav\\u00e9s de la secci\\u00f3n de contacto.<\\\/li><\\\/ul><ul><li>Para m\\u00e1s informaci\\u00f3n sobre el uso de cookies no deje de visitar el siguiente enlace <a href=\\\"https:\\\/\\\/verd.cat\\\/es\\\/aviso-legal\\\/mas-informacion-sobre-las-cookies\\\/\\\">M\\u00e1s informaci\\u00f3n sobre la pol\\u00edtica de cookies<\\\/a>.<\\\/li><\\\/ul>\"}}]}<\/script>\n\t\t\t\t\t<\/div>\n\t\t\t\t\t\t<\/div>\n\t\t\t\t<div class=\"elementor-element elementor-element-779fb07 elementor-widget elementor-widget-spacer\" data-id=\"779fb07\" data-element_type=\"widget\" data-e-type=\"widget\" data-widget_type=\"spacer.default\">\n\t\t\t\t\t\t\t<div class=\"elementor-spacer\">\n\t\t\t<div class=\"elementor-spacer-inner\"><\/div>\n\t\t<\/div>\n\t\t\t\t\t\t<\/div>\n\t\t\t\t\t<\/div>\n\t\t<\/div>\n\t\t\t\t\t<\/div>\n\t\t<\/section>\n\t\t\t\t<\/div>\n\t\t","protected":false},"excerpt":{"rendered":"<p>Informaci\u00f3n Una cookie es un peque\u00f1o archivo de texto que se almacena en su navegador cuando visita casi cualquier p\u00e1gina web. Su utilidad es que la web sea capaz de recordar su visita cuando vuelva a navegar por esta p\u00e1gina. Las cookies suelen almacenar informaci\u00f3n de car\u00e1cter t\u00e9cnico, preferencias personales, personalizaci\u00f3n de contenidos, estad\u00edsticas de [&hellip;]<\/p>\n","protected":false},"author":1,"featured_media":0,"parent":54339,"menu_order":0,"comment_status":"closed","ping_status":"closed","template":"elementor_theme","meta":{"footnotes":""},"class_list":["post-54347","page","type-page","status-publish","hentry"],"_links":{"self":[{"href":"https:\/\/verd.cat\/es\/wp-json\/wp\/v2\/pages\/54347","targetHints":{"allow":["GET"]}}],"collection":[{"href":"https:\/\/verd.cat\/es\/wp-json\/wp\/v2\/pages"}],"about":[{"href":"https:\/\/verd.cat\/es\/wp-json\/wp\/v2\/types\/page"}],"author":[{"embeddable":true,"href":"https:\/\/verd.cat\/es\/wp-json\/wp\/v2\/users\/1"}],"replies":[{"embeddable":true,"href":"https:\/\/verd.cat\/es\/wp-json\/wp\/v2\/comments?post=54347"}],"version-history":[{"count":4,"href":"https:\/\/verd.cat\/es\/wp-json\/wp\/v2\/pages\/54347\/revisions"}],"predecessor-version":[{"id":54380,"href":"https:\/\/verd.cat\/es\/wp-json\/wp\/v2\/pages\/54347\/revisions\/54380"}],"up":[{"embeddable":true,"href":"https:\/\/verd.cat\/es\/wp-json\/wp\/v2\/pages\/54339"}],"wp:attachment":[{"href":"https:\/\/verd.cat\/es\/wp-json\/wp\/v2\/media?parent=54347"}],"curies":[{"name":"wp","href":"https:\/\/api.w.org\/{rel}","templated":true}]}}