{"id":54355,"date":"2026-02-21T12:18:34","date_gmt":"2026-02-21T10:18:34","guid":{"rendered":"https:\/\/verd.cat\/producte\/aguacate-lamb-hass\/"},"modified":"2026-03-31T19:41:50","modified_gmt":"2026-03-31T17:41:50","slug":"aguacate-lamb-hass","status":"publish","type":"product","link":"https:\/\/verd.cat\/es\/producto\/aguacate-lamb-hass\/","title":{"rendered":"Aguacate Lamb Hass"},"content":{"rendered":"\t\t<div data-elementor-type=\"product-post\" data-elementor-id=\"54355\" class=\"elementor elementor-54355 elementor-7207\" data-elementor-post-type=\"product\">\n\t\t\t\t<div class=\"elementor-element elementor-element-43a87eb3 e-flex e-con-boxed default-style e-con e-parent\" data-id=\"43a87eb3\" data-element_type=\"container\" data-e-type=\"container\" data-settings=\"{&quot;rt_color_sets&quot;:&quot;default-style&quot;}\">\n\t\t\t\t\t<div class=\"e-con-inner\">\n\t\t\t\t<div class=\"elementor-element elementor-element-eb381b7 elementor-widget elementor-widget-text-editor\" data-id=\"eb381b7\" data-element_type=\"widget\" data-e-type=\"widget\" data-widget_type=\"text-editor.default\">\n\t\t\t\t\t\t\t\t\t<p>Los aguacates necesitan un tiempo para madurar ya que lo hacen fuera del \u00e1rbol. Cuando os lleguen a\u00fan est\u00e1n verdes porque van del \u00e1rbol a tu casa, de esta forma sabes que el producto es fresco y as\u00ed no pierde su valor nutricional.<\/p>\t\t\t\t\t\t\t\t<\/div>\n\t\t\t\t<div class=\"elementor-element elementor-element-fe1ee4f elementor-widget elementor-widget-image\" data-id=\"fe1ee4f\" data-element_type=\"widget\" data-e-type=\"widget\" data-widget_type=\"image.default\">\n\t\t\t\t\t\t\t\t\t\t\t\t\t\t\t<img decoding=\"async\" src=\"https:\/\/verd.cat\/wp-content\/uploads\/elementor\/thumbs\/Instruccions-blanc-r3tgqmvmp2x82ku6kirhdskgwzhlz9kkkgsot4hlxs.jpg\" title=\"Instruccions-blanc\" alt=\"Instruccions-blanc\" loading=\"lazy\" \/>\t\t\t\t\t\t\t\t\t\t\t\t\t\t\t<\/div>\n\t\t\t\t\t<\/div>\n\t\t\t\t<\/div>\n\t\t\t\t<\/div>\n\t\t","protected":false},"excerpt":{"rendered":"<ul>\n<li class=\"p1\">Muy parecido al Hass pero se diferencian por ser m\u00e1s grandes y tener forma de pera. Destaca su cremosidad y excelente sabor. <\/li>\n<li>La piel es rugosa, gruesa, brillante y de color verde que se ir\u00e1 oscureciendo a medida que vaya madurando.<\/li>\n<\/ul>\n<p><span style=\"color: #93ae6b\"><strong>Los podr\u00e1s disfrutar desde finales de Marzo hasta Junio aproximadamente.<\/strong><\/span><\/p>\n<p>Os llegar\u00e1n verdes y duros porque est\u00e1n reci\u00e9n recolectados. Tardan una semana aproximadamente en madurar (paciencia\u2026 que hay recompensa ;)).<\/p>\n","protected":false},"featured_media":53479,"comment_status":"open","ping_status":"closed","template":"","meta":[],"product_brand":[76],"product_cat":[58],"product_tag":[67],"class_list":{"0":"post-54355","1":"product","2":"type-product","3":"status-publish","4":"has-post-thumbnail","6":"product_brand-lamb-hass-es","7":"product_cat-sin-categoria","8":"product_tag-marzo-a-junio","10":"first","11":"instock","12":"taxable","13":"shipping-taxable","14":"purchasable","15":"product-type-variable"},"_links":{"self":[{"href":"https:\/\/verd.cat\/es\/wp-json\/wp\/v2\/product\/54355","targetHints":{"allow":["GET"]}}],"collection":[{"href":"https:\/\/verd.cat\/es\/wp-json\/wp\/v2\/product"}],"about":[{"href":"https:\/\/verd.cat\/es\/wp-json\/wp\/v2\/types\/product"}],"replies":[{"embeddable":true,"href":"https:\/\/verd.cat\/es\/wp-json\/wp\/v2\/comments?post=54355"}],"version-history":[{"count":9,"href":"https:\/\/verd.cat\/es\/wp-json\/wp\/v2\/product\/54355\/revisions"}],"predecessor-version":[{"id":55098,"href":"https:\/\/verd.cat\/es\/wp-json\/wp\/v2\/product\/54355\/revisions\/55098"}],"wp:featuredmedia":[{"embeddable":true,"href":"https:\/\/verd.cat\/es\/wp-json\/wp\/v2\/media\/53479"}],"wp:attachment":[{"href":"https:\/\/verd.cat\/es\/wp-json\/wp\/v2\/media?parent=54355"}],"wp:term":[{"taxonomy":"product_brand","embeddable":true,"href":"https:\/\/verd.cat\/es\/wp-json\/wp\/v2\/product_brand?post=54355"},{"taxonomy":"product_cat","embeddable":true,"href":"https:\/\/verd.cat\/es\/wp-json\/wp\/v2\/product_cat?post=54355"},{"taxonomy":"product_tag","embeddable":true,"href":"https:\/\/verd.cat\/es\/wp-json\/wp\/v2\/product_tag?post=54355"}],"curies":[{"name":"wp","href":"https:\/\/api.w.org\/{rel}","templated":true}]}}