{"id":54360,"date":"2025-02-21T12:16:06","date_gmt":"2025-02-21T10:16:06","guid":{"rendered":"https:\/\/verd.cat\/producte\/alvocat-hass\/"},"modified":"2026-03-31T20:27:18","modified_gmt":"2026-03-31T18:27:18","slug":"alvocat-hass","status":"publish","type":"product","link":"https:\/\/verd.cat\/es\/producto\/alvocat-hass\/","title":{"rendered":"Alvocat Hass"},"content":{"rendered":"\t\t<div data-elementor-type=\"product-post\" data-elementor-id=\"54360\" class=\"elementor elementor-54360 elementor-7203\" data-elementor-post-type=\"product\">\n\t\t\t\t<div class=\"elementor-element elementor-element-43a87eb3 e-flex e-con-boxed default-style e-con e-parent\" data-id=\"43a87eb3\" data-element_type=\"container\" data-e-type=\"container\" data-settings=\"{&quot;rt_color_sets&quot;:&quot;default-style&quot;}\">\n\t\t\t\t\t<div class=\"e-con-inner\">\n\t\t\t\t<div class=\"elementor-element elementor-element-6bde75c5 elementor-drop-cap-yes elementor-drop-cap-view-default elementor-widget elementor-widget-text-editor\" data-id=\"6bde75c5\" data-element_type=\"widget\" data-e-type=\"widget\" data-settings=\"{&quot;drop_cap&quot;:&quot;yes&quot;}\" data-widget_type=\"text-editor.default\">\n\t\t\t\t\t\t\t\t\t<p>Los aguacates necesitan un tiempo para madurar, ya que maduran fuera del \u00e1rbol. Cuando te llegan todav\u00eda est\u00e1n verdes porque est\u00e1n reci\u00e9n cosechados, de esta forma sabes que el producto es fresco y as\u00ed no se pierde el valor nutricional.<\/p>\t\t\t\t\t\t\t\t<\/div>\n\t\t\t\t<div class=\"elementor-element elementor-element-753a963 elementor-widget elementor-widget-image\" data-id=\"753a963\" data-element_type=\"widget\" data-e-type=\"widget\" data-widget_type=\"image.default\">\n\t\t\t\t\t\t\t\t\t\t\t\t\t\t\t<img fetchpriority=\"high\" decoding=\"async\" width=\"1080\" height=\"1350\" src=\"https:\/\/verd.cat\/wp-content\/uploads\/2025\/02\/Instruccions-blanc.jpg\" class=\"attachment-full size-full wp-image-54273\" alt=\"\" srcset=\"https:\/\/verd.cat\/wp-content\/uploads\/2025\/02\/Instruccions-blanc.jpg 1080w, https:\/\/verd.cat\/wp-content\/uploads\/2025\/02\/Instruccions-blanc-240x300.jpg 240w, https:\/\/verd.cat\/wp-content\/uploads\/2025\/02\/Instruccions-blanc-819x1024.jpg 819w, https:\/\/verd.cat\/wp-content\/uploads\/2025\/02\/Instruccions-blanc-768x960.jpg 768w, https:\/\/verd.cat\/wp-content\/uploads\/2025\/02\/Instruccions-blanc-540x675.jpg 540w, https:\/\/verd.cat\/wp-content\/uploads\/2025\/02\/Instruccions-blanc-915x1144.jpg 915w, https:\/\/verd.cat\/wp-content\/uploads\/2025\/02\/Instruccions-blanc-600x750.jpg 600w, https:\/\/verd.cat\/wp-content\/uploads\/2025\/02\/Instruccions-blanc-393x491.jpg 393w, https:\/\/verd.cat\/wp-content\/uploads\/2025\/02\/Instruccions-blanc-290x363.jpg 290w\" sizes=\"(max-width: 1080px) 100vw, 1080px\" \/>\t\t\t\t\t\t\t\t\t\t\t\t\t\t\t<\/div>\n\t\t\t\t\t<\/div>\n\t\t\t\t<\/div>\n\t\t\t\t<\/div>\n\t\t","protected":false},"excerpt":{"rendered":"<p><span style=\"color: #93ae6b\"><strong>Diciembre a Junio<\/strong><\/span><\/p>\n<p>Os llegar\u00e1n verdes y duros porque est\u00e1n reci\u00e9n recolectados. Tardan una semana aproximadamente en madurar (paciencia\u2026 que hay recompensa ;)).<\/p>\n<p>Es el que encontramos habitualmente en todos los comercios, en forma de pera y de piel rugosa con un sabor excelente a frutos secos.<\/p>\n","protected":false},"featured_media":53486,"comment_status":"open","ping_status":"closed","template":"","meta":[],"product_brand":[],"product_cat":[58],"product_tag":[68],"class_list":{"0":"post-54360","1":"product","2":"type-product","3":"status-publish","4":"has-post-thumbnail","6":"product_cat-sin-categoria","7":"product_tag-diciembre-a-junio","9":"first","10":"outofstock","11":"taxable","12":"shipping-taxable","13":"purchasable","14":"product-type-variable","15":"has-default-attributes"},"_links":{"self":[{"href":"https:\/\/verd.cat\/es\/wp-json\/wp\/v2\/product\/54360","targetHints":{"allow":["GET"]}}],"collection":[{"href":"https:\/\/verd.cat\/es\/wp-json\/wp\/v2\/product"}],"about":[{"href":"https:\/\/verd.cat\/es\/wp-json\/wp\/v2\/types\/product"}],"replies":[{"embeddable":true,"href":"https:\/\/verd.cat\/es\/wp-json\/wp\/v2\/comments?post=54360"}],"version-history":[{"count":9,"href":"https:\/\/verd.cat\/es\/wp-json\/wp\/v2\/product\/54360\/revisions"}],"predecessor-version":[{"id":55112,"href":"https:\/\/verd.cat\/es\/wp-json\/wp\/v2\/product\/54360\/revisions\/55112"}],"wp:featuredmedia":[{"embeddable":true,"href":"https:\/\/verd.cat\/es\/wp-json\/wp\/v2\/media\/53486"}],"wp:attachment":[{"href":"https:\/\/verd.cat\/es\/wp-json\/wp\/v2\/media?parent=54360"}],"wp:term":[{"taxonomy":"product_brand","embeddable":true,"href":"https:\/\/verd.cat\/es\/wp-json\/wp\/v2\/product_brand?post=54360"},{"taxonomy":"product_cat","embeddable":true,"href":"https:\/\/verd.cat\/es\/wp-json\/wp\/v2\/product_cat?post=54360"},{"taxonomy":"product_tag","embeddable":true,"href":"https:\/\/verd.cat\/es\/wp-json\/wp\/v2\/product_tag?post=54360"}],"curies":[{"name":"wp","href":"https:\/\/api.w.org\/{rel}","templated":true}]}}