{"id":54365,"date":"2025-11-03T21:34:27","date_gmt":"2025-11-03T19:34:27","guid":{"rendered":"https:\/\/verd.cat\/producte\/aguacate-bacon\/"},"modified":"2025-12-15T21:10:52","modified_gmt":"2025-12-15T19:10:52","slug":"aguacate-bacon","status":"publish","type":"product","link":"https:\/\/verd.cat\/es\/producto\/aguacate-bacon\/","title":{"rendered":"Aguacate Bacon"},"content":{"rendered":"\t\t<div data-elementor-type=\"product-post\" data-elementor-id=\"54365\" class=\"elementor elementor-54365 elementor-5518\" data-elementor-post-type=\"product\">\n\t\t\t\t<div class=\"elementor-element elementor-element-43a87eb3 e-flex e-con-boxed default-style e-con e-parent\" data-id=\"43a87eb3\" data-element_type=\"container\" data-e-type=\"container\" data-settings=\"{&quot;rt_color_sets&quot;:&quot;default-style&quot;}\">\n\t\t\t\t\t<div class=\"e-con-inner\">\n\t\t\t\t<div class=\"elementor-element elementor-element-6bde75c5 elementor-drop-cap-yes elementor-drop-cap-view-default elementor-widget elementor-widget-text-editor\" data-id=\"6bde75c5\" data-element_type=\"widget\" data-e-type=\"widget\" data-settings=\"{&quot;drop_cap&quot;:&quot;yes&quot;}\" data-widget_type=\"text-editor.default\">\n\t\t\t\t\t\t\t\t\t<p>Los aguacates necesitan un tiempo para madurar, ya que maduran fuera del \u00e1rbol. Cuando te llegan todav\u00eda est\u00e1n verdes porque est\u00e1n reci\u00e9n cosechados, de esta forma sabes que el producto es fresco y as\u00ed no pierde el valor nutricional.<\/p>\t\t\t\t\t\t\t\t<\/div>\n\t\t\t\t<div class=\"elementor-element elementor-element-a47fb4d elementor-widget elementor-widget-image\" data-id=\"a47fb4d\" data-element_type=\"widget\" data-e-type=\"widget\" data-widget_type=\"image.default\">\n\t\t\t\t\t\t\t\t\t\t\t\t\t\t\t<img fetchpriority=\"high\" decoding=\"async\" width=\"1080\" height=\"1350\" src=\"https:\/\/verd.cat\/wp-content\/uploads\/2025\/04\/15.png\" class=\"attachment-full size-full wp-image-54309\" alt=\"\" srcset=\"https:\/\/verd.cat\/wp-content\/uploads\/2025\/04\/15.png 1080w, https:\/\/verd.cat\/wp-content\/uploads\/2025\/04\/15-240x300.png 240w, https:\/\/verd.cat\/wp-content\/uploads\/2025\/04\/15-819x1024.png 819w, https:\/\/verd.cat\/wp-content\/uploads\/2025\/04\/15-768x960.png 768w, https:\/\/verd.cat\/wp-content\/uploads\/2025\/04\/15-540x675.png 540w, https:\/\/verd.cat\/wp-content\/uploads\/2025\/04\/15-915x1144.png 915w, https:\/\/verd.cat\/wp-content\/uploads\/2025\/04\/15-600x750.png 600w, https:\/\/verd.cat\/wp-content\/uploads\/2025\/04\/15-393x491.png 393w, https:\/\/verd.cat\/wp-content\/uploads\/2025\/04\/15-290x363.png 290w\" sizes=\"(max-width: 1080px) 100vw, 1080px\" \/>\t\t\t\t\t\t\t\t\t\t\t\t\t\t\t<\/div>\n\t\t\t\t\t<\/div>\n\t\t\t\t<\/div>\n\t\t\t\t<\/div>\n\t\t","protected":false},"excerpt":{"rendered":"<p><span style=\"color: #93ae6b\"><strong>Son los primeros de la temporada y van de Noviembre hasta Enero aproximadamente.<\/strong><\/span><\/p>\n<p>Llegar\u00e1n verdes porque est\u00e1n reci\u00e9n cosechados y tardan 4 \u00f3 5 d\u00edas aproximadamente en madurar (paciencia que hay recompensa ;)).<\/p>\n<ul>\n<li>De forma ovalada se caracteriza por tener una piel muy fina y lisa.<\/li>\n<li>Tiene una pulpa de color amarillo verdoso de sabor m\u00e1s suave (porque tiene menos grasa que las otras variedades) pero muy cremoso. Es la mantequilla \u00abverde\u00bb. <\/li>\n<\/ul>\n","protected":false},"featured_media":53444,"comment_status":"open","ping_status":"closed","template":"","meta":[],"product_brand":[],"product_cat":[58],"product_tag":[69],"class_list":{"0":"post-54365","1":"product","2":"type-product","3":"status-publish","4":"has-post-thumbnail","6":"product_cat-sin-categoria","7":"product_tag-noviemrbe-a-enero","9":"first","10":"outofstock","11":"taxable","12":"shipping-taxable","13":"purchasable","14":"product-type-variable","15":"has-default-attributes"},"_links":{"self":[{"href":"https:\/\/verd.cat\/es\/wp-json\/wp\/v2\/product\/54365","targetHints":{"allow":["GET"]}}],"collection":[{"href":"https:\/\/verd.cat\/es\/wp-json\/wp\/v2\/product"}],"about":[{"href":"https:\/\/verd.cat\/es\/wp-json\/wp\/v2\/types\/product"}],"replies":[{"embeddable":true,"href":"https:\/\/verd.cat\/es\/wp-json\/wp\/v2\/comments?post=54365"}],"version-history":[{"count":19,"href":"https:\/\/verd.cat\/es\/wp-json\/wp\/v2\/product\/54365\/revisions"}],"predecessor-version":[{"id":54910,"href":"https:\/\/verd.cat\/es\/wp-json\/wp\/v2\/product\/54365\/revisions\/54910"}],"wp:featuredmedia":[{"embeddable":true,"href":"https:\/\/verd.cat\/es\/wp-json\/wp\/v2\/media\/53444"}],"wp:attachment":[{"href":"https:\/\/verd.cat\/es\/wp-json\/wp\/v2\/media?parent=54365"}],"wp:term":[{"taxonomy":"product_brand","embeddable":true,"href":"https:\/\/verd.cat\/es\/wp-json\/wp\/v2\/product_brand?post=54365"},{"taxonomy":"product_cat","embeddable":true,"href":"https:\/\/verd.cat\/es\/wp-json\/wp\/v2\/product_cat?post=54365"},{"taxonomy":"product_tag","embeddable":true,"href":"https:\/\/verd.cat\/es\/wp-json\/wp\/v2\/product_tag?post=54365"}],"curies":[{"name":"wp","href":"https:\/\/api.w.org\/{rel}","templated":true}]}}